{"id":14559,"date":"2025-02-17T17:57:15","date_gmt":"2025-02-17T15:57:15","guid":{"rendered":"https:\/\/zbranebudai.sk\/product\/zasobnik-pohotovostny-pre-t4e-hdr-50-tr-50-tr-50-gen2-kal-50\/"},"modified":"2025-07-12T16:35:35","modified_gmt":"2025-07-12T14:35:35","slug":"keszenleti-tartaly-t4e-hdr-50-tr-50-tr-50-tr-50-tr-50-gen2-kal-50-szamara","status":"publish","type":"product","link":"https:\/\/zbranebudai.sk\/hu\/product\/zasobnik-pohotovostny-pre-t4e-hdr-50-tr-50-tr-50-gen2-kal-50\/","title":{"rendered":"K\u00e9szenl\u00e9ti t\u00e1r a T4E HDR 50 \/ TR 50 \/ TR 50 Gen2-hez, cal. .50"},"content":{"rendered":"","protected":false},"excerpt":{"rendered":"<p>A k\u00e9szenl\u00e9ti patront h\u00e1rom gumilabd\u00e1val \u00e9s h\u00e1rom technikai f\u0171szerez\u0151 goly\u00f3val felv\u00e1ltva t\u00f6ltve sz\u00e1ll\u00edtjuk, amelyek kies\u00e9s ellen v\u00e9dettek. 6 goly\u00f3s t\u00e1r a T4E HDR 50 \/ TR 50 \/ TR 50 \/ TR 50 \/ TR 50 Gen2 revolverekhez.<\/p>","protected":false},"featured_media":9659,"template":"","meta":{"_gspb_post_css":""},"product_brand":[],"product_cat":[2071,1824,1828,2070],"product_tag":[],"class_list":{"0":"post-14559","1":"product","2":"type-product","3":"status-publish","4":"has-post-thumbnail","6":"product_cat-prislusenstvo-t4e","7":"product_cat-zbrane-18-d","8":"product_cat-zbrane-na-co2","9":"product_cat-zbrane-t4e","11":"first","12":"outofstock","13":"taxable","14":"shipping-taxable","15":"purchasable","16":"product-type-simple"},"ct_brands":[],"_links":{"self":[{"href":"https:\/\/zbranebudai.sk\/hu\/wp-json\/wp\/v2\/product\/14559","targetHints":{"allow":["GET"]}}],"collection":[{"href":"https:\/\/zbranebudai.sk\/hu\/wp-json\/wp\/v2\/product"}],"about":[{"href":"https:\/\/zbranebudai.sk\/hu\/wp-json\/wp\/v2\/types\/product"}],"wp:featuredmedia":[{"embeddable":true,"href":"https:\/\/zbranebudai.sk\/hu\/wp-json\/wp\/v2\/media\/9659"}],"wp:attachment":[{"href":"https:\/\/zbranebudai.sk\/hu\/wp-json\/wp\/v2\/media?parent=14559"}],"wp:term":[{"taxonomy":"product_brand","embeddable":true,"href":"https:\/\/zbranebudai.sk\/hu\/wp-json\/wp\/v2\/product_brand?post=14559"},{"taxonomy":"product_cat","embeddable":true,"href":"https:\/\/zbranebudai.sk\/hu\/wp-json\/wp\/v2\/product_cat?post=14559"},{"taxonomy":"product_tag","embeddable":true,"href":"https:\/\/zbranebudai.sk\/hu\/wp-json\/wp\/v2\/product_tag?post=14559"}],"curies":[{"name":"wp","href":"https:\/\/api.w.org\/{rel}","templated":true}]}}