{"id":14554,"date":"2025-02-17T17:57:14","date_gmt":"2025-02-17T15:57:14","guid":{"rendered":"https:\/\/zbranebudai.sk\/product\/adapter-na-sprej-pre-t4e-hdr-50-tr-50-tr-50-gen2\/"},"modified":"2025-07-12T16:35:35","modified_gmt":"2025-07-12T14:35:35","slug":"permetezoadapter-t4e-hdr-50-tr-50-tr-50-tr-50-tr-50-gen2-hez","status":"publish","type":"product","link":"https:\/\/zbranebudai.sk\/hu\/product\/adapter-na-sprej-pre-t4e-hdr-50-tr-50-tr-50-gen2\/","title":{"rendered":"Permetez\u0151adapter T4E HDR 50 \/ TR 50 \/ TR 50 Gen2 k\u00e9sz\u00fcl\u00e9khez"},"content":{"rendered":"","protected":false},"excerpt":{"rendered":"<p>Permetez\u0151 adapter T4E HDR 50 \/ TR 50 \/ TR 50 Gen2 revolverhez. A 2.2050.1, 2.2050.2 bors spray \u00e9s a 2.2050.3 vizes kik\u00e9pz\u0151 sprayhez tervezt\u00e9k.<\/p>","protected":false},"featured_media":9643,"template":"","meta":{"_gspb_post_css":""},"product_brand":[],"product_cat":[2071,1824,1828,2070],"product_tag":[],"class_list":{"0":"post-14554","1":"product","2":"type-product","3":"status-publish","4":"has-post-thumbnail","6":"product_cat-prislusenstvo-t4e","7":"product_cat-zbrane-18-d","8":"product_cat-zbrane-na-co2","9":"product_cat-zbrane-t4e","11":"first","12":"outofstock","13":"taxable","14":"shipping-taxable","15":"purchasable","16":"product-type-simple"},"ct_brands":[],"_links":{"self":[{"href":"https:\/\/zbranebudai.sk\/hu\/wp-json\/wp\/v2\/product\/14554","targetHints":{"allow":["GET"]}}],"collection":[{"href":"https:\/\/zbranebudai.sk\/hu\/wp-json\/wp\/v2\/product"}],"about":[{"href":"https:\/\/zbranebudai.sk\/hu\/wp-json\/wp\/v2\/types\/product"}],"wp:featuredmedia":[{"embeddable":true,"href":"https:\/\/zbranebudai.sk\/hu\/wp-json\/wp\/v2\/media\/9643"}],"wp:attachment":[{"href":"https:\/\/zbranebudai.sk\/hu\/wp-json\/wp\/v2\/media?parent=14554"}],"wp:term":[{"taxonomy":"product_brand","embeddable":true,"href":"https:\/\/zbranebudai.sk\/hu\/wp-json\/wp\/v2\/product_brand?post=14554"},{"taxonomy":"product_cat","embeddable":true,"href":"https:\/\/zbranebudai.sk\/hu\/wp-json\/wp\/v2\/product_cat?post=14554"},{"taxonomy":"product_tag","embeddable":true,"href":"https:\/\/zbranebudai.sk\/hu\/wp-json\/wp\/v2\/product_tag?post=14554"}],"curies":[{"name":"wp","href":"https:\/\/api.w.org\/{rel}","templated":true}]}}