{"id":14552,"date":"2025-02-17T17:57:14","date_gmt":"2025-02-17T15:57:14","guid":{"rendered":"https:\/\/zbranebudai.sk\/product\/zasobnik-pre-t4e-hdr-50-tr-50-tr-50-gen2-kal-50\/"},"modified":"2026-04-30T09:39:18","modified_gmt":"2026-04-30T07:39:18","slug":"tarolotartaly-a-t4e-hdr-50-tr-50-tr-50-tr-50-tr-50-gen2-cal-50-hez","status":"publish","type":"product","link":"https:\/\/zbranebudai.sk\/hu\/product\/zasobnik-pre-t4e-hdr-50-tr-50-tr-50-gen2-kal-50\/","title":{"rendered":"T4E HDR 50 \/ TR 50 \/ TR 50 \/ TR 50 \/ TR 50 Gen2 t\u00e1r, cal. .50"},"content":{"rendered":"","protected":false},"excerpt":{"rendered":"<p>6 t\u00f6lt\u00e9nyes t\u00e1r a T4E HDR 50 \/ TR 50 \/ TR 50 Gen2 revolverekhez.<\/p>","protected":false},"featured_media":9639,"template":"","meta":{"_gspb_post_css":""},"product_brand":[],"product_cat":[2071,1824,1828,2070],"product_tag":[],"class_list":{"0":"post-14552","1":"product","2":"type-product","3":"status-publish","4":"has-post-thumbnail","6":"product_cat-prislusenstvo-t4e","7":"product_cat-zbrane-18-d","8":"product_cat-zbrane-na-co2","9":"product_cat-zbrane-t4e","11":"first","12":"instock","13":"taxable","14":"shipping-taxable","15":"purchasable","16":"product-type-simple"},"ct_brands":[],"_links":{"self":[{"href":"https:\/\/zbranebudai.sk\/hu\/wp-json\/wp\/v2\/product\/14552","targetHints":{"allow":["GET"]}}],"collection":[{"href":"https:\/\/zbranebudai.sk\/hu\/wp-json\/wp\/v2\/product"}],"about":[{"href":"https:\/\/zbranebudai.sk\/hu\/wp-json\/wp\/v2\/types\/product"}],"wp:featuredmedia":[{"embeddable":true,"href":"https:\/\/zbranebudai.sk\/hu\/wp-json\/wp\/v2\/media\/9639"}],"wp:attachment":[{"href":"https:\/\/zbranebudai.sk\/hu\/wp-json\/wp\/v2\/media?parent=14552"}],"wp:term":[{"taxonomy":"product_brand","embeddable":true,"href":"https:\/\/zbranebudai.sk\/hu\/wp-json\/wp\/v2\/product_brand?post=14552"},{"taxonomy":"product_cat","embeddable":true,"href":"https:\/\/zbranebudai.sk\/hu\/wp-json\/wp\/v2\/product_cat?post=14552"},{"taxonomy":"product_tag","embeddable":true,"href":"https:\/\/zbranebudai.sk\/hu\/wp-json\/wp\/v2\/product_tag?post=14552"}],"curies":[{"name":"wp","href":"https:\/\/api.w.org\/{rel}","templated":true}]}}