{"id":14550,"date":"2025-02-17T17:57:14","date_gmt":"2025-02-17T15:57:14","guid":{"rendered":"https:\/\/zbranebudai.sk\/product\/puzdro-t4e-tp-50-gen2-tp-50-hdp-50\/"},"modified":"2026-04-30T09:57:16","modified_gmt":"2026-04-30T07:57:16","slug":"burkolat-t4e-tp-50-gen2-tp-50-hdp-50","status":"publish","type":"product","link":"https:\/\/zbranebudai.sk\/hu\/product\/puzdro-t4e-tp-50-gen2-tp-50-hdp-50\/","title":{"rendered":"T4E TP 50 Gen2 \/ TP 50 \/ HDP 50 h\u00e1z T4E TP 50 Gen2 \/ TP 50 \/ HDP 50"},"content":{"rendered":"","protected":false},"excerpt":{"rendered":"<p>Polimer \u00f6vt\u00e1ska T4E TP 50 Gen2, TP 50 \u00e9s HDP 50 pisztolyokhoz (a TP 50 \u00e9s HDP 50 pisztolyok azonosak).<\/p>","protected":false},"featured_media":9635,"template":"","meta":{"_gspb_post_css":""},"product_brand":[],"product_cat":[2071,1824,1828,2070],"product_tag":[],"class_list":{"0":"post-14550","1":"product","2":"type-product","3":"status-publish","4":"has-post-thumbnail","6":"product_cat-prislusenstvo-t4e","7":"product_cat-zbrane-18-d","8":"product_cat-zbrane-na-co2","9":"product_cat-zbrane-t4e","11":"first","12":"instock","13":"taxable","14":"shipping-taxable","15":"purchasable","16":"product-type-simple"},"ct_brands":[],"_links":{"self":[{"href":"https:\/\/zbranebudai.sk\/hu\/wp-json\/wp\/v2\/product\/14550","targetHints":{"allow":["GET"]}}],"collection":[{"href":"https:\/\/zbranebudai.sk\/hu\/wp-json\/wp\/v2\/product"}],"about":[{"href":"https:\/\/zbranebudai.sk\/hu\/wp-json\/wp\/v2\/types\/product"}],"wp:featuredmedia":[{"embeddable":true,"href":"https:\/\/zbranebudai.sk\/hu\/wp-json\/wp\/v2\/media\/9635"}],"wp:attachment":[{"href":"https:\/\/zbranebudai.sk\/hu\/wp-json\/wp\/v2\/media?parent=14550"}],"wp:term":[{"taxonomy":"product_brand","embeddable":true,"href":"https:\/\/zbranebudai.sk\/hu\/wp-json\/wp\/v2\/product_brand?post=14550"},{"taxonomy":"product_cat","embeddable":true,"href":"https:\/\/zbranebudai.sk\/hu\/wp-json\/wp\/v2\/product_cat?post=14550"},{"taxonomy":"product_tag","embeddable":true,"href":"https:\/\/zbranebudai.sk\/hu\/wp-json\/wp\/v2\/product_tag?post=14550"}],"curies":[{"name":"wp","href":"https:\/\/api.w.org\/{rel}","templated":true}]}}