{"id":14546,"date":"2025-02-17T17:57:12","date_gmt":"2025-02-17T15:57:12","guid":{"rendered":"https:\/\/zbranebudai.sk\/product\/zasobnik-ruger-american-rifle-ranch-350-legend-10rd-90695\/"},"modified":"2026-04-16T04:41:52","modified_gmt":"2026-04-16T02:41:52","slug":"ruger-amerikai-puska-ranch-350-legend-10rd-90695","status":"publish","type":"product","link":"https:\/\/zbranebudai.sk\/hu\/product\/zasobnik-ruger-american-rifle-ranch-350-legend-10rd-90695\/","title":{"rendered":"Ruger American Rifle Ranch .350 Legend t\u00e1r, 10db (90695)"},"content":{"rendered":"","protected":false},"excerpt":{"rendered":"<p>Ez a 10 l\u00f6v\u00e9ses, egyl\u00f6vet\u0171 t\u00e1r a Ruger American\u00ae Ranch Rifle \u00e9s az AR-556\u00ae MPR platformok .350 Legend kaliber\u0171 t\u00e1rjaihoz illik. A 410-es rozsdamentes ac\u00e9lb\u00f3l k\u00e9sz\u00fclt a szil\u00e1rds\u00e1g \u00e9s tart\u00f3ss\u00e1g \u00e9rdek\u00e9ben, a Mags LIPLOCK\u2122 technol\u00f3gia pedig a t\u00f6lt\u00e9nyeket r\u00f6gz\u00edtve \u00e9s igaz\u00edtva tartja a t\u00e1rban. Az Advanced Geometry Follower\u2122 adagol\u00f3 egyenesen marad a k\u00f6vetkezetes adagol\u00e1s \u00e9rdek\u00e9ben, m\u00edg az EVERFLEX\u2122 f\u00e1rad\u00e1sg\u00e1tl\u00f3 rug\u00f3technol\u00f3gia hossz\u00fa rug\u00f3\u00e9lettartamot \u00e9s megb\u00edzhat\u00f3s\u00e1got biztos\u00edt. A DURAMAG\u2122 t\u00e1rat a C Products Defense\u00ae gy\u00e1rtja az USA-ban.<\/p>","protected":false},"featured_media":9599,"template":"","meta":{"_gspb_post_css":""},"product_brand":[],"product_cat":[1821,1838,1837,1820],"product_tag":[],"class_list":{"0":"post-14546","1":"product","2":"type-product","3":"status-publish","4":"has-post-thumbnail","6":"product_cat-gulovnice-zbrane-b-c","7":"product_cat-prislusenstvo-ruger","8":"product_cat-ruger","9":"product_cat-zbrane-b-c","11":"first","12":"instock","13":"taxable","14":"shipping-taxable","15":"purchasable","16":"product-type-simple"},"ct_brands":[],"_links":{"self":[{"href":"https:\/\/zbranebudai.sk\/hu\/wp-json\/wp\/v2\/product\/14546","targetHints":{"allow":["GET"]}}],"collection":[{"href":"https:\/\/zbranebudai.sk\/hu\/wp-json\/wp\/v2\/product"}],"about":[{"href":"https:\/\/zbranebudai.sk\/hu\/wp-json\/wp\/v2\/types\/product"}],"wp:featuredmedia":[{"embeddable":true,"href":"https:\/\/zbranebudai.sk\/hu\/wp-json\/wp\/v2\/media\/9599"}],"wp:attachment":[{"href":"https:\/\/zbranebudai.sk\/hu\/wp-json\/wp\/v2\/media?parent=14546"}],"wp:term":[{"taxonomy":"product_brand","embeddable":true,"href":"https:\/\/zbranebudai.sk\/hu\/wp-json\/wp\/v2\/product_brand?post=14546"},{"taxonomy":"product_cat","embeddable":true,"href":"https:\/\/zbranebudai.sk\/hu\/wp-json\/wp\/v2\/product_cat?post=14546"},{"taxonomy":"product_tag","embeddable":true,"href":"https:\/\/zbranebudai.sk\/hu\/wp-json\/wp\/v2\/product_tag?post=14546"}],"curies":[{"name":"wp","href":"https:\/\/api.w.org\/{rel}","templated":true}]}}