{"id":14535,"date":"2025-02-17T17:57:10","date_gmt":"2025-02-17T15:57:10","guid":{"rendered":"https:\/\/zbranebudai.sk\/product\/zaslepky-na-otvory-po-mieridlach-sako-tikka\/"},"modified":"2026-05-07T12:28:31","modified_gmt":"2026-05-07T10:28:31","slug":"a-kabat-merlegen-levo-lyukakhoz-tartozo-vakok","status":"publish","type":"product","link":"https:\/\/zbranebudai.sk\/hu\/product\/zaslepky-na-otvory-po-mieridlach-sako-tikka\/","title":{"rendered":"Sako\/Tikka L\u00e1t\u00f3lyuk dug\u00f3k"},"content":{"rendered":"","protected":false},"excerpt":{"rendered":"<p>A k\u00e9szlet 4 db dug\u00f3t tartalmaz.<\/p>","protected":false},"featured_media":9569,"template":"","meta":{"_gspb_post_css":""},"product_brand":[],"product_cat":[1821,1981,1928,1822,1820],"product_tag":[],"class_list":{"0":"post-14535","1":"product","2":"type-product","3":"status-publish","4":"has-post-thumbnail","6":"product_cat-gulovnice-zbrane-b-c","7":"product_cat-nd-prislusenstvo-sako","8":"product_cat-prislusenstvo-sako","9":"product_cat-sako","10":"product_cat-zbrane-b-c","12":"first","13":"instock","14":"taxable","15":"shipping-taxable","16":"purchasable","17":"product-type-simple"},"ct_brands":[],"_links":{"self":[{"href":"https:\/\/zbranebudai.sk\/hu\/wp-json\/wp\/v2\/product\/14535","targetHints":{"allow":["GET"]}}],"collection":[{"href":"https:\/\/zbranebudai.sk\/hu\/wp-json\/wp\/v2\/product"}],"about":[{"href":"https:\/\/zbranebudai.sk\/hu\/wp-json\/wp\/v2\/types\/product"}],"wp:featuredmedia":[{"embeddable":true,"href":"https:\/\/zbranebudai.sk\/hu\/wp-json\/wp\/v2\/media\/9569"}],"wp:attachment":[{"href":"https:\/\/zbranebudai.sk\/hu\/wp-json\/wp\/v2\/media?parent=14535"}],"wp:term":[{"taxonomy":"product_brand","embeddable":true,"href":"https:\/\/zbranebudai.sk\/hu\/wp-json\/wp\/v2\/product_brand?post=14535"},{"taxonomy":"product_cat","embeddable":true,"href":"https:\/\/zbranebudai.sk\/hu\/wp-json\/wp\/v2\/product_cat?post=14535"},{"taxonomy":"product_tag","embeddable":true,"href":"https:\/\/zbranebudai.sk\/hu\/wp-json\/wp\/v2\/product_tag?post=14535"}],"curies":[{"name":"wp","href":"https:\/\/api.w.org\/{rel}","templated":true}]}}