{"id":14534,"date":"2025-02-17T17:57:10","date_gmt":"2025-02-17T15:57:10","guid":{"rendered":"https:\/\/zbranebudai.sk\/product\/hk-sp5l-kal-9x19\/"},"modified":"2026-04-16T03:46:58","modified_gmt":"2026-04-16T01:46:58","slug":"hk-sp5l-cal-9x19","status":"publish","type":"product","link":"https:\/\/zbranebudai.sk\/hu\/product\/hk-sp5l-kal-9x19\/","title":{"rendered":"HK SP5L, cal. 9\u00d719"},"content":{"rendered":"","protected":false},"excerpt":{"rendered":"<p>HK SP5L - \u00f6nt\u00f6lt\u0151 hossz\u00fa goly\u00f3s pisztoly, r\u00f6gz\u00edtett sz\u00e1rral. Ez a legend\u00e1s MP5 polg\u00e1ri \u00f6nt\u00f6lt\u0151 v\u00e1ltozata 9\u00d719-es kaliberben. Az SP5 minden v\u00e1ltozata teljesen megegyezik az MP5-\u00f6ssel, k\u00fcl\u00f6n\u00f6sen a t\u00e1rcsatlakoz\u00f3, az \u00e1llom\u00e1ny, az el\u00fcls\u0151 markolat \u00e9s az ir\u00e1nyz\u00e9k.<\/p>","protected":false},"featured_media":9567,"template":"","meta":{"_gspb_post_css":""},"product_brand":[],"product_cat":[1821,1868,1867,2069,1820],"product_tag":[],"class_list":{"0":"post-14534","1":"product","2":"type-product","3":"status-publish","4":"has-post-thumbnail","6":"product_cat-gulovnice-zbrane-b-c","7":"product_cat-gulovnice-hk","8":"product_cat-heckler-koch-gulovnice-zbrane-b-c","9":"product_cat-sp5-gulovnice-hk","10":"product_cat-zbrane-b-c","12":"first","13":"outofstock","14":"taxable","15":"shipping-taxable","16":"purchasable","17":"product-type-simple"},"ct_brands":[],"_links":{"self":[{"href":"https:\/\/zbranebudai.sk\/hu\/wp-json\/wp\/v2\/product\/14534","targetHints":{"allow":["GET"]}}],"collection":[{"href":"https:\/\/zbranebudai.sk\/hu\/wp-json\/wp\/v2\/product"}],"about":[{"href":"https:\/\/zbranebudai.sk\/hu\/wp-json\/wp\/v2\/types\/product"}],"wp:featuredmedia":[{"embeddable":true,"href":"https:\/\/zbranebudai.sk\/hu\/wp-json\/wp\/v2\/media\/9567"}],"wp:attachment":[{"href":"https:\/\/zbranebudai.sk\/hu\/wp-json\/wp\/v2\/media?parent=14534"}],"wp:term":[{"taxonomy":"product_brand","embeddable":true,"href":"https:\/\/zbranebudai.sk\/hu\/wp-json\/wp\/v2\/product_brand?post=14534"},{"taxonomy":"product_cat","embeddable":true,"href":"https:\/\/zbranebudai.sk\/hu\/wp-json\/wp\/v2\/product_cat?post=14534"},{"taxonomy":"product_tag","embeddable":true,"href":"https:\/\/zbranebudai.sk\/hu\/wp-json\/wp\/v2\/product_tag?post=14534"}],"curies":[{"name":"wp","href":"https:\/\/api.w.org\/{rel}","templated":true}]}}