{"id":14533,"date":"2025-02-17T17:57:10","date_gmt":"2025-02-17T15:57:10","guid":{"rendered":"https:\/\/zbranebudai.sk\/product\/sako-s20-hunter-kal-7mmremmag-ns-std-3rd-fl-24in-mt5-8-24\/"},"modified":"2026-04-16T03:46:14","modified_gmt":"2026-04-16T01:46:14","slug":"jacket-s20-hunter-kal-7mmremmag-ns-std-3rd-fl-24in-mt5-8-24","status":"publish","type":"product","link":"https:\/\/zbranebudai.sk\/hu\/product\/sako-s20-hunter-kal-7mmremmag-ns-std-3rd-fl-24in-mt5-8-24\/","title":{"rendered":"Sako S20 Hunter, cal. 7mmRemMag. (NS STD 3rd FL 24in MT5\/8-24)"},"content":{"rendered":"<p>PARAM\u00c9TEREK:<\/p>\n<p>Cs\u0151hossz: 610 mm (24 in)<br \/>\nCs\u0151\u00e1tm\u00e9r\u0151: 18 mm<br \/>\nTeljes hossz: 1142 mm<br \/>\nT\u00e1lcakapacit\u00e1s: 3<br \/>\nCs\u0151oszt\u00e1s: 1:9,5<br \/>\nPicatinny s\u00edn: Igen<br \/>\nA hord\u00f3: ac\u00e9l: Feket\u00e9re festett ac\u00e9l<br \/>\n\u00cdg\u00e9ret: S\u00f6t\u00e9tsz\u00fcrke, szintetikus<br \/>\nS\u00faly: 3,8 kg<\/p>","protected":false},"excerpt":{"rendered":"<p>A Sako S20 az els\u0151 igaz\u00e1n hibrid puska, amelyet vad\u00e1szok \u00e9s sportl\u00f6v\u0151k egyar\u00e1nt \u00e9lvezhetnek. A modul\u00e1ris fel\u00e9p\u00edt\u00e9s alkalmazkodik a v\u00e1ltoz\u00f3 \u00e9letm\u00f3dhoz, \u00edgy az S20 egy igaz\u00e1n el\u0151remutat\u00f3 fegyver, amelyet a lelkes l\u00f6v\u00e9szeknek terveztek, akik minden helyzetben k\u00e9zben akarj\u00e1k tartani az ir\u00e1ny\u00edt\u00e1st. A ravasz ellen\u00e1ll\u00e1sa 1 \u00e9s 2 kg k\u00f6z\u00f6tt \u00e1ll\u00edthat\u00f3. Az els\u00fct\u0151 ravasz cs\u00faszka 7 mm-es tartom\u00e1nyban \u00e1ll\u00edthat\u00f3.<\/p>","protected":false},"featured_media":9565,"template":"","meta":{"_gspb_post_css":""},"product_brand":[],"product_cat":[1821,2026,1822,2024,2025,1820],"product_tag":[],"class_list":{"0":"post-14533","1":"product","2":"type-product","3":"status-publish","4":"has-post-thumbnail","6":"product_cat-gulovnice-zbrane-b-c","7":"product_cat-s20-hunter","8":"product_cat-sako","9":"product_cat-sako-s20","10":"product_cat-sako-s20-hunter","11":"product_cat-zbrane-b-c","13":"first","14":"instock","15":"taxable","16":"shipping-taxable","17":"purchasable","18":"product-type-simple"},"ct_brands":[],"_links":{"self":[{"href":"https:\/\/zbranebudai.sk\/hu\/wp-json\/wp\/v2\/product\/14533","targetHints":{"allow":["GET"]}}],"collection":[{"href":"https:\/\/zbranebudai.sk\/hu\/wp-json\/wp\/v2\/product"}],"about":[{"href":"https:\/\/zbranebudai.sk\/hu\/wp-json\/wp\/v2\/types\/product"}],"wp:featuredmedia":[{"embeddable":true,"href":"https:\/\/zbranebudai.sk\/hu\/wp-json\/wp\/v2\/media\/9565"}],"wp:attachment":[{"href":"https:\/\/zbranebudai.sk\/hu\/wp-json\/wp\/v2\/media?parent=14533"}],"wp:term":[{"taxonomy":"product_brand","embeddable":true,"href":"https:\/\/zbranebudai.sk\/hu\/wp-json\/wp\/v2\/product_brand?post=14533"},{"taxonomy":"product_cat","embeddable":true,"href":"https:\/\/zbranebudai.sk\/hu\/wp-json\/wp\/v2\/product_cat?post=14533"},{"taxonomy":"product_tag","embeddable":true,"href":"https:\/\/zbranebudai.sk\/hu\/wp-json\/wp\/v2\/product_tag?post=14533"}],"curies":[{"name":"wp","href":"https:\/\/api.w.org\/{rel}","templated":true}]}}