{"id":14530,"date":"2025-02-17T17:57:10","date_gmt":"2025-02-17T15:57:10","guid":{"rendered":"https:\/\/zbranebudai.sk\/product\/tikka-t3x-super-varmint-kal-223rem-h237-pica-tst-ss-6rd-20in-mt5-8-24\/"},"modified":"2026-04-23T06:46:12","modified_gmt":"2026-04-23T04:46:12","slug":"tikka-t3x-super-varmint-cal-223rem-h237-pica-tst-ss-6rd-20in-20in-mt5-8-24","status":"publish","type":"product","link":"https:\/\/zbranebudai.sk\/hu\/product\/tikka-t3x-super-varmint-kal-223rem-h237-pica-tst-ss-6rd-20in-mt5-8-24\/","title":{"rendered":"Tikka T3x Super Varmint, cal. .223Rem. (H237 PICA TST SS 6rd 20in MT5\/8-24 )"},"content":{"rendered":"<p>PARAM\u00c9TEREK:<\/p>\n<p>Cs\u0151hossz: 508 mm (20 in)<br \/>\nTeljes hossz: 1029 mm<br \/>\nT\u00e1lcakapacit\u00e1s: 6<br \/>\nA cs\u0151 furat\u00e1nak oszt\u00e1sa: 1:8<br \/>\nPicatinny s\u00edn: igen<br \/>\nK\u00e9szlet: Green Roughtech<br \/>\nA hord\u00f3: Cerakote Tungsten<br \/>\nS\u00faly: 3,8 kg<\/p>","protected":false},"excerpt":{"rendered":"<p>A Tikka T3x Super Varmint a megfelel\u0151 eszk\u00f6z a t\u00e1vols\u00e1gi vad\u00e1szathoz. A szabadon \u00fasz\u00f3 rozsdamentes ac\u00e9lb\u00f3l k\u00e9sz\u00fclt neh\u00e9z cs\u0151 hat\u00e9konyan kik\u00fcsz\u00f6b\u00f6li a rezg\u00e9seket, \u00e9s m\u00e9g a gyors l\u00f6v\u00e9ssorozat mellett sem melegszik t\u00fal. A CERAKOTE f\u00e9nyez\u00e9s fokozza az id\u0151j\u00e1r\u00e1s\u00e1ll\u00f3s\u00e1got, \u00e9s a z\u00f6ld Roughtech szintetikus sz\u00e1rral \u00e9s az egyedi z\u00e1rform\u00e1val egy\u00fctt eredeti diz\u00e1jn\u00fa darabot alkot. Az extra sz\u00e9les alkar szil\u00e1rd tart\u00e1st biztos\u00edt, \u00e9s a f\u0171z\u0151ny\u00edl\u00e1s bipod vagy heveder r\u00f6gz\u00edt\u00e9s\u00e9re haszn\u00e1lhat\u00f3. Picatinny s\u00edn a tartoz\u00e9kok felszerel\u00e9s\u00e9hez. Ergonomikusan kialak\u00edtott, \u00e1ll\u00edthat\u00f3 orrpofa biztos\u00edtja a k\u00e9nyelmet a c\u00e9lz\u00e1s sor\u00e1n. F\u00fcgg\u0151leges pisztolymarkolattal rendelkezik, amely jobban alkalmas fekve l\u00f6v\u00e9shez.<\/p>","protected":false},"featured_media":9559,"template":"","meta":{"_gspb_post_css":""},"product_brand":[],"product_cat":[1821,2059,1854,1861,1820],"product_tag":[],"class_list":{"0":"post-14530","1":"product","2":"type-product","3":"status-publish","4":"has-post-thumbnail","6":"product_cat-gulovnice-zbrane-b-c","7":"product_cat-t3x-super-varmint","8":"product_cat-tikka","9":"product_cat-tikka-t3x","10":"product_cat-zbrane-b-c","12":"first","13":"instock","14":"taxable","15":"shipping-taxable","16":"purchasable","17":"product-type-simple"},"ct_brands":[],"_links":{"self":[{"href":"https:\/\/zbranebudai.sk\/hu\/wp-json\/wp\/v2\/product\/14530","targetHints":{"allow":["GET"]}}],"collection":[{"href":"https:\/\/zbranebudai.sk\/hu\/wp-json\/wp\/v2\/product"}],"about":[{"href":"https:\/\/zbranebudai.sk\/hu\/wp-json\/wp\/v2\/types\/product"}],"wp:featuredmedia":[{"embeddable":true,"href":"https:\/\/zbranebudai.sk\/hu\/wp-json\/wp\/v2\/media\/9559"}],"wp:attachment":[{"href":"https:\/\/zbranebudai.sk\/hu\/wp-json\/wp\/v2\/media?parent=14530"}],"wp:term":[{"taxonomy":"product_brand","embeddable":true,"href":"https:\/\/zbranebudai.sk\/hu\/wp-json\/wp\/v2\/product_brand?post=14530"},{"taxonomy":"product_cat","embeddable":true,"href":"https:\/\/zbranebudai.sk\/hu\/wp-json\/wp\/v2\/product_cat?post=14530"},{"taxonomy":"product_tag","embeddable":true,"href":"https:\/\/zbranebudai.sk\/hu\/wp-json\/wp\/v2\/product_tag?post=14530"}],"curies":[{"name":"wp","href":"https:\/\/api.w.org\/{rel}","templated":true}]}}