{"id":14522,"date":"2025-02-17T17:57:09","date_gmt":"2025-02-17T15:57:09","guid":{"rendered":"https:\/\/zbranebudai.sk\/product\/pistol-exp-glock-17-gen5-first-edition-kal-9mm-p-a-k\/"},"modified":"2026-02-07T17:44:30","modified_gmt":"2026-02-07T15:44:30","slug":"pisztoly-exp-glock-17-gen5-elso-kiadas-cal-9-mm-p-a-k","status":"publish","type":"product","link":"https:\/\/zbranebudai.sk\/hu\/product\/pistol-exp-glock-17-gen5-first-edition-kal-9mm-p-a-k\/","title":{"rendered":"Pisztoly exp. GLOCK 17 Gen5 First Edition, cal. 9mm P.A.K."},"content":{"rendered":"<p>A GLOCK hivatalosan enged\u00e9lyezett term\u00e9ke.<\/p>\n<p>PARAM\u00c9TEREK:<\/p>\n<p>Teljes hossz: 202 mm<br \/>\nA tart\u00e1ly kapacit\u00e1sa: 17<br \/>\nKiold\u00f3szerkezet: egyszeres m\u0171k\u00f6d\u00e9s<br \/>\nS\u00faly: 726 g<\/p>\n<p>CSOMAG TARTALMA:<\/p>\n<p>1x Pisztoly exp. GLOCK 17 Gen5, cal. 9mm P.A.K.<br \/>\n1x t\u00e1lca<br \/>\n1x Adapter I jelz\u0151 l\u0151szerhez<br \/>\n1x tiszt\u00edt\u00f3kefe<br \/>\n4x Foganty\u00fa h\u00e1tul<br \/>\n1x Eredeti GLOCK t\u00e1ska<\/p>","protected":false},"excerpt":{"rendered":"<p>A limit\u00e1lt kiad\u00e1s\u00fa GLOCK 17 Gen5 First Edition egy b\u0151v\u00edtett pisztoly, az \u00f6t\u00f6dik gener\u00e1ci\u00f3s GLOCK 17 h\u0171 m\u00e1solata. A GLOCK-rajong\u00f3k \u00e9rt\u00e9kelni fogj\u00e1k az olyan tipikus GLOCK-jellemz\u0151ket, mint a sz\u00f6gletes \u00fct\u0151szeg \u00e9s a meger\u0151s\u00edtett ac\u00e9l z\u00e1r\u00f3blokk. Az optimaliz\u00e1lt rug\u00f3egys\u00e9g dupla visszar\u00fag\u00f3 rug\u00f3val, lehet\u0151v\u00e9 teszi a val\u00f3s\u00e1gh\u0171 l\u00f6v\u00e9st. Az alatta l\u00e9v\u0151 pikatinny s\u00edn lehet\u0151v\u00e9 teszi a szabv\u00e1nyos tartoz\u00e9kok felszerel\u00e9s\u00e9t. A t\u00e1r az eredetihez hasonl\u00f3an 17 t\u00f6lt\u00e9nyt tartalmaz, \u00e9s j\u00f3l l\u00e1that\u00f3 narancss\u00e1rga adagol\u00f3val rendelkezik.  A GLOCK 17 Gen5 9mm P.A.K. az eredetivel megegyez\u0151 m\u00e9retekkel rendelkezik, ami azt jelenti, hogy minden szabv\u00e1nyos tokban hordhat\u00f3, \u00e9s a t\u00f6bbi eredeti tartoz\u00e9k \u00e9s tartoz\u00e9k is haszn\u00e1lhat\u00f3. A klasszikus v\u00e1ltozathoz k\u00e9pest 2x h\u00e1ts\u00f3 markolat (M \u00e9s L m\u00e9ret), 2x h\u00e1ts\u00f3 markolat farokkal (M \u00e9s L m\u00e9ret) \u00e9s az eredeti GLOCK hordt\u00e1ska is a tartoz\u00e9k.<\/p>","protected":false},"featured_media":9539,"template":"","meta":{"_gspb_post_css":""},"product_brand":[],"product_cat":[1825,2068,1831,1826,1824],"product_tag":[],"class_list":{"0":"post-14522","1":"product","2":"type-product","3":"status-publish","4":"has-post-thumbnail","6":"product_cat-expanzne-zbrane","7":"product_cat-glock-pistole-umarex","8":"product_cat-pistole-umarex","9":"product_cat-umarex","10":"product_cat-zbrane-18-d","12":"first","13":"outofstock","14":"taxable","15":"shipping-taxable","16":"purchasable","17":"product-type-simple"},"ct_brands":[],"_links":{"self":[{"href":"https:\/\/zbranebudai.sk\/hu\/wp-json\/wp\/v2\/product\/14522","targetHints":{"allow":["GET"]}}],"collection":[{"href":"https:\/\/zbranebudai.sk\/hu\/wp-json\/wp\/v2\/product"}],"about":[{"href":"https:\/\/zbranebudai.sk\/hu\/wp-json\/wp\/v2\/types\/product"}],"wp:featuredmedia":[{"embeddable":true,"href":"https:\/\/zbranebudai.sk\/hu\/wp-json\/wp\/v2\/media\/9539"}],"wp:attachment":[{"href":"https:\/\/zbranebudai.sk\/hu\/wp-json\/wp\/v2\/media?parent=14522"}],"wp:term":[{"taxonomy":"product_brand","embeddable":true,"href":"https:\/\/zbranebudai.sk\/hu\/wp-json\/wp\/v2\/product_brand?post=14522"},{"taxonomy":"product_cat","embeddable":true,"href":"https:\/\/zbranebudai.sk\/hu\/wp-json\/wp\/v2\/product_cat?post=14522"},{"taxonomy":"product_tag","embeddable":true,"href":"https:\/\/zbranebudai.sk\/hu\/wp-json\/wp\/v2\/product_tag?post=14522"}],"curies":[{"name":"wp","href":"https:\/\/api.w.org\/{rel}","templated":true}]}}