{"id":14521,"date":"2025-02-17T17:57:09","date_gmt":"2025-02-17T15:57:09","guid":{"rendered":"https:\/\/zbranebudai.sk\/product\/pistol-hs-h11-tb-rdr-cc-kal-9x19\/"},"modified":"2026-04-16T04:32:53","modified_gmt":"2026-04-16T02:32:53","slug":"pisztoly-hs-h11-tb-rdr-cc-cal-9x19","status":"publish","type":"product","link":"https:\/\/zbranebudai.sk\/hu\/product\/pistol-hs-h11-tb-rdr-cc-kal-9x19\/","title":{"rendered":"Pisztoly HS H11 TB RDR CC, cal. 9\u00d719"},"content":{"rendered":"<p>A fegyver kollim\u00e1torral van felszerelve. A Shield Sights, Leupold Delta Point, JPoint, Tricijon MS03 \u00e9s MS04, Springfield HEX WASP, Vortex Defender, Swampfox Sentinel, Sig Romeo Zero, Primary Arms Classic 21mm, Viridian RFX15, Crimson Trace CTS-1550\/CT-RAD \u00e9s Advanced Optics Nuwa kollim\u00e1torok k\u00f6zvetlen\u00fcl a fegyverre szerelhet\u0151ek, r\u00f6gz\u00edt\u0151lemez haszn\u00e1lata n\u00e9lk\u00fcl. A t\u00f6bbi m\u00e1rk\u00e1hoz szerel\u0151lemezt kell v\u00e1s\u00e1rolni.<\/p>\n<p>\u00a0<\/p>\n<p>A kompenz\u00e1tor be\u00e9p\u00edt\u00e9si \u00fatmutat\u00f3ja: www.instructions.hs-produkt.hr\/kompenzator<\/p>\n<p>PARAM\u00c9TEREK:<\/p>\n<p>T\u00e1rkapacit\u00e1s: 11 \/ 13 t\u00f6lt\u00e9ny<br \/>\nCs\u0151hossz: 98 mm<br \/>\nTeljes hossz: 171,5 mm<br \/>\nSz\u00e9less\u00e9g: 27 mm<br \/>\nSz\u00e1nd\u00e9kos hossz: 126 mm<br \/>\nMagass\u00e1g (11 tekercses t\u00e1lc\u00e1val - lapos aljjal): 106,5 mm<br \/>\nMagass\u00e1g (11 tekercses t\u00e1lc\u00e1val - meghosszabb\u00edtott talppal): 119 mm<br \/>\nS\u00faly: 455 g (t\u00e1r n\u00e9lk\u00fcl)<\/p>\n<p>CSOMAG TARTALMA:<\/p>\n<p>1x pisztoly HS H11 TB RDR CC, cal. 9\u00d719<br \/>\n1x kompenz\u00e1tor<br \/>\n1x menetes sapka<br \/>\n3x t\u00e1lca (1x standard, 2x hosszabb\u00edtott)<br \/>\n1x lapos alj\u00fa t\u00e1lca<br \/>\n1x tiszt\u00edt\u00f3 k\u00e9szlet<br \/>\n1x b\u0151r\u00f6nd<\/p>","protected":false},"excerpt":{"rendered":"<p>HS H11 TB RDR CC - a n\u00e9pszer\u0171 modellt mostant\u00f3l \"Rapid Defense Package\" konfigur\u00e1ci\u00f3ban is k\u00edn\u00e1ljuk. Ez egy 3,8\u2033-es menetes cs\u00f6vet \u00e9s egy szabadalmaztatott \u00f6nz\u00e1r\u00f3 kialak\u00edt\u00e1s\u00fa kompenz\u00e1tort hoz. Az egy\u00e9b param\u00e9terek ugyanazok maradnak, mint a H11\/HELLCAT\u00ae eset\u00e9ben. Kov\u00e1csolt cs\u0151 \u00e9s z\u00e1r\u00f3cs\u0151 Melonite\u00ae v\u00e9d\u0151r\u00e9teggel. \u00dajratervezett Gen 2 ravasz. Lumineszcens gy\u0171r\u0171vel ell\u00e1tott tr\u00edcium retikula \u00e9s feh\u00e9ren kiemelt f\u00e9lk\u00f6r alak\u00fa retikula (mindkett\u0151 oldalr\u00f3l \u00e1ll\u00edthat\u00f3, ac\u00e9lb\u00f3l k\u00e9sz\u00fclt). Adapt\u00edv markolatfel\u00fclet kiv\u00e9teles kontrollt biztos\u00edt a gyors l\u00f6v\u00e9shez. A H11 TB RDR CC ravaszbiztos\u00edt\u00e1ssal, els\u00fct\u0151szegbiztos\u00edt\u00e1ssal \u00e9s t\u00f6lt\u00f6tt t\u00e1rjelz\u0151vel van felszerelve. A t\u00e1rkiold\u00f3 a balkezes l\u00f6v\u00e9szek ig\u00e9nyeihez igazodva a jobb oldalra forgathat\u00f3. A kis m\u00e9ret, a nagy kapacit\u00e1s, a k\u00f6nny\u0171 s\u00faly \u00e9s a nagy megb\u00edzhat\u00f3s\u00e1g teszi a HS H11 TB RDR CC-t t\u00f6k\u00e9letes rejtett visel\u00e9s\u0171 fegyverr\u00e9.<\/p>","protected":false},"featured_media":9537,"template":"","meta":{"_gspb_post_css":""},"product_brand":[],"product_cat":[2066,2067,1864,2033,1820],"product_tag":[],"class_list":{"0":"post-14521","1":"product","2":"type-product","3":"status-publish","4":"has-post-thumbnail","6":"product_cat-hellcat","7":"product_cat-hellcat-rdp","8":"product_cat-pistole-zbrane-b-c","9":"product_cat-springfield-armory-hs-produkt","10":"product_cat-zbrane-b-c","12":"first","13":"instock","14":"taxable","15":"shipping-taxable","16":"purchasable","17":"product-type-simple"},"ct_brands":[],"_links":{"self":[{"href":"https:\/\/zbranebudai.sk\/hu\/wp-json\/wp\/v2\/product\/14521","targetHints":{"allow":["GET"]}}],"collection":[{"href":"https:\/\/zbranebudai.sk\/hu\/wp-json\/wp\/v2\/product"}],"about":[{"href":"https:\/\/zbranebudai.sk\/hu\/wp-json\/wp\/v2\/types\/product"}],"wp:featuredmedia":[{"embeddable":true,"href":"https:\/\/zbranebudai.sk\/hu\/wp-json\/wp\/v2\/media\/9537"}],"wp:attachment":[{"href":"https:\/\/zbranebudai.sk\/hu\/wp-json\/wp\/v2\/media?parent=14521"}],"wp:term":[{"taxonomy":"product_brand","embeddable":true,"href":"https:\/\/zbranebudai.sk\/hu\/wp-json\/wp\/v2\/product_brand?post=14521"},{"taxonomy":"product_cat","embeddable":true,"href":"https:\/\/zbranebudai.sk\/hu\/wp-json\/wp\/v2\/product_cat?post=14521"},{"taxonomy":"product_tag","embeddable":true,"href":"https:\/\/zbranebudai.sk\/hu\/wp-json\/wp\/v2\/product_tag?post=14521"}],"curies":[{"name":"wp","href":"https:\/\/api.w.org\/{rel}","templated":true}]}}