{"id":14519,"date":"2025-02-17T17:57:08","date_gmt":"2025-02-17T15:57:08","guid":{"rendered":"https:\/\/zbranebudai.sk\/product\/montazna-platnicka-02-trijicon-rmr-pre-sfp9-or\/"},"modified":"2026-05-07T12:42:14","modified_gmt":"2026-05-07T10:42:14","slug":"szerelolemez-02-trijicon-rmr-sfp9-vagy-sfp9-szamara","status":"publish","type":"product","link":"https:\/\/zbranebudai.sk\/hu\/product\/montazna-platnicka-02-trijicon-rmr-pre-sfp9-or\/","title":{"rendered":"Szerel\u0151lemez 02 Trijicon RMR SFP9-hez OR"},"content":{"rendered":"","protected":false},"excerpt":{"rendered":"<p>Szerel\u0151lemez minden SFP9 OR modellhez, lehet\u0151v\u00e9 teszi a Trijicon kollim\u00e1torok felszerel\u00e9s\u00e9t.<\/p>","protected":false},"featured_media":9533,"template":"","meta":{"_gspb_post_css":""},"product_brand":[],"product_cat":[2065,1865,1864,1888,1820],"product_tag":[],"class_list":{"0":"post-14519","1":"product","2":"type-product","3":"status-publish","4":"has-post-thumbnail","6":"product_cat-doplnky-prislusenstvo-heckler-koch","7":"product_cat-heckler-koch-pistole-zbrane-b-c","8":"product_cat-pistole-zbrane-b-c","9":"product_cat-prislusenstvo-heckler-koch","10":"product_cat-zbrane-b-c","12":"first","13":"outofstock","14":"taxable","15":"shipping-taxable","16":"purchasable","17":"product-type-simple"},"ct_brands":[],"_links":{"self":[{"href":"https:\/\/zbranebudai.sk\/hu\/wp-json\/wp\/v2\/product\/14519","targetHints":{"allow":["GET"]}}],"collection":[{"href":"https:\/\/zbranebudai.sk\/hu\/wp-json\/wp\/v2\/product"}],"about":[{"href":"https:\/\/zbranebudai.sk\/hu\/wp-json\/wp\/v2\/types\/product"}],"wp:featuredmedia":[{"embeddable":true,"href":"https:\/\/zbranebudai.sk\/hu\/wp-json\/wp\/v2\/media\/9533"}],"wp:attachment":[{"href":"https:\/\/zbranebudai.sk\/hu\/wp-json\/wp\/v2\/media?parent=14519"}],"wp:term":[{"taxonomy":"product_brand","embeddable":true,"href":"https:\/\/zbranebudai.sk\/hu\/wp-json\/wp\/v2\/product_brand?post=14519"},{"taxonomy":"product_cat","embeddable":true,"href":"https:\/\/zbranebudai.sk\/hu\/wp-json\/wp\/v2\/product_cat?post=14519"},{"taxonomy":"product_tag","embeddable":true,"href":"https:\/\/zbranebudai.sk\/hu\/wp-json\/wp\/v2\/product_tag?post=14519"}],"curies":[{"name":"wp","href":"https:\/\/api.w.org\/{rel}","templated":true}]}}