{"id":14515,"date":"2025-02-17T17:57:07","date_gmt":"2025-02-17T15:57:07","guid":{"rendered":"https:\/\/zbranebudai.sk\/product\/muska-springfield-hs-triciova-s-luminiscencnym-kruzkom\/"},"modified":"2026-04-02T00:05:03","modified_gmt":"2026-04-01T22:05:03","slug":"muska-springfield-hs-tricolor-lumineszcens-gyuruvel","status":"publish","type":"product","link":"https:\/\/zbranebudai.sk\/hu\/product\/muska-springfield-hs-triciova-s-luminiscencnym-kruzkom\/","title":{"rendered":"Springfield\/HS tr\u00edcium l\u00e9gy lumineszcens gy\u0171r\u0171vel"},"content":{"rendered":"","protected":false},"excerpt":{"rendered":"<p>Tritium l\u00e9gy lumineszcens gy\u0171r\u0171vel a HELLCAT, XD, XDM, XDS, H11, S Line, SF Line, HS G2 Line pisztolyokhoz. (Springfield\/HS el\u00fcls\u0151 c\u00e9lkereszt, tr\u00edcium)<\/p>","protected":false},"featured_media":9525,"template":"","meta":{"_gspb_post_css":""},"product_brand":[],"product_cat":[2051,1864,2043,2033,1820],"product_tag":[],"class_list":{"0":"post-14515","1":"product","2":"type-product","3":"status-publish","4":"has-post-thumbnail","6":"product_cat-mieridla-prislusenstvo-springfield-armory","7":"product_cat-pistole-zbrane-b-c","8":"product_cat-prislusenstvo-springfield-armory","9":"product_cat-springfield-armory-hs-produkt","10":"product_cat-zbrane-b-c","12":"first","13":"instock","14":"taxable","15":"shipping-taxable","16":"purchasable","17":"product-type-simple"},"ct_brands":[],"_links":{"self":[{"href":"https:\/\/zbranebudai.sk\/hu\/wp-json\/wp\/v2\/product\/14515","targetHints":{"allow":["GET"]}}],"collection":[{"href":"https:\/\/zbranebudai.sk\/hu\/wp-json\/wp\/v2\/product"}],"about":[{"href":"https:\/\/zbranebudai.sk\/hu\/wp-json\/wp\/v2\/types\/product"}],"wp:featuredmedia":[{"embeddable":true,"href":"https:\/\/zbranebudai.sk\/hu\/wp-json\/wp\/v2\/media\/9525"}],"wp:attachment":[{"href":"https:\/\/zbranebudai.sk\/hu\/wp-json\/wp\/v2\/media?parent=14515"}],"wp:term":[{"taxonomy":"product_brand","embeddable":true,"href":"https:\/\/zbranebudai.sk\/hu\/wp-json\/wp\/v2\/product_brand?post=14515"},{"taxonomy":"product_cat","embeddable":true,"href":"https:\/\/zbranebudai.sk\/hu\/wp-json\/wp\/v2\/product_cat?post=14515"},{"taxonomy":"product_tag","embeddable":true,"href":"https:\/\/zbranebudai.sk\/hu\/wp-json\/wp\/v2\/product_tag?post=14515"}],"curies":[{"name":"wp","href":"https:\/\/api.w.org\/{rel}","templated":true}]}}