{"id":14506,"date":"2025-02-17T17:57:06","date_gmt":"2025-02-17T15:57:06","guid":{"rendered":"https:\/\/zbranebudai.sk\/product\/ustova-brzda-sako-tikka-d16-5-m14x1-conical-nerezova\/"},"modified":"2026-04-30T08:59:16","modified_gmt":"2026-04-30T06:59:16","slug":"szajfek-kopeny-tikka-d16-5-m14x1-kupos-rozsdamentes-acelbol","status":"publish","type":"product","link":"https:\/\/zbranebudai.sk\/hu\/product\/ustova-brzda-sako-tikka-d16-5-m14x1-conical-nerezova\/","title":{"rendered":"\u00dctk\u00f6z\u0151f\u00e9k Sako\/Tikka D16.5, M14x1, k\u00fapos rozsdamentes ac\u00e9l"},"content":{"rendered":"","protected":false},"excerpt":{"rendered":"<p>16,5 mm \u00e1tm\u00e9r\u0151j\u0171 cs\u00f6vekhez, max. kaliber: 7,8 mm\/.30<\/p>","protected":false},"featured_media":9505,"template":"","meta":{"_gspb_post_css":""},"product_brand":[],"product_cat":[1821,1928,1822,1946,1820],"product_tag":[],"class_list":{"0":"post-14506","1":"product","2":"type-product","3":"status-publish","4":"has-post-thumbnail","6":"product_cat-gulovnice-zbrane-b-c","7":"product_cat-prislusenstvo-sako","8":"product_cat-sako","9":"product_cat-ustove-brzdy","10":"product_cat-zbrane-b-c","12":"first","13":"outofstock","14":"taxable","15":"shipping-taxable","16":"purchasable","17":"product-type-simple"},"ct_brands":[],"_links":{"self":[{"href":"https:\/\/zbranebudai.sk\/hu\/wp-json\/wp\/v2\/product\/14506","targetHints":{"allow":["GET"]}}],"collection":[{"href":"https:\/\/zbranebudai.sk\/hu\/wp-json\/wp\/v2\/product"}],"about":[{"href":"https:\/\/zbranebudai.sk\/hu\/wp-json\/wp\/v2\/types\/product"}],"wp:featuredmedia":[{"embeddable":true,"href":"https:\/\/zbranebudai.sk\/hu\/wp-json\/wp\/v2\/media\/9505"}],"wp:attachment":[{"href":"https:\/\/zbranebudai.sk\/hu\/wp-json\/wp\/v2\/media?parent=14506"}],"wp:term":[{"taxonomy":"product_brand","embeddable":true,"href":"https:\/\/zbranebudai.sk\/hu\/wp-json\/wp\/v2\/product_brand?post=14506"},{"taxonomy":"product_cat","embeddable":true,"href":"https:\/\/zbranebudai.sk\/hu\/wp-json\/wp\/v2\/product_cat?post=14506"},{"taxonomy":"product_tag","embeddable":true,"href":"https:\/\/zbranebudai.sk\/hu\/wp-json\/wp\/v2\/product_tag?post=14506"}],"curies":[{"name":"wp","href":"https:\/\/api.w.org\/{rel}","templated":true}]}}