{"id":14504,"date":"2025-02-17T17:57:06","date_gmt":"2025-02-17T15:57:06","guid":{"rendered":"https:\/\/zbranebudai.sk\/product\/ruger-mark-iv-22-45-lite-43934-kal-22lr\/"},"modified":"2025-09-06T09:57:13","modified_gmt":"2025-09-06T07:57:13","slug":"ruger-mark-iv-22-45-lite-43934-cal-22lr","status":"publish","type":"product","link":"https:\/\/zbranebudai.sk\/hu\/product\/ruger-mark-iv-22-45-lite-43934-kal-22lr\/","title":{"rendered":"Ruger Mark IV 22\/45 Lite 43934, cal. .22LR"},"content":{"rendered":"<p>PARAM\u00c9TEREK:<\/p>\n<p>T\u00e1rkapacit\u00e1s: 10 t\u00f6lt\u00e9ny<br \/>\nCs\u0151hossz: 112 mm (4.4\u2033)<br \/>\nTeljes hossz: 213 mm<br \/>\nCs\u0151oszt\u00e1s: 1:16\u2033 RH<br \/>\nBefejez\u00e9s: V\u00f6r\u00f6s elox\u00e1lt<br \/>\nS\u00faly: 709 g<\/p>","protected":false},"excerpt":{"rendered":"<p>A Ruger Mark IV 22\/45 Lite egy pontos \u00e9s megb\u00edzhat\u00f3 .22 LR f\u00e9lautomata pisztoly, amelyet c\u00e9ll\u00f6v\u00e9szetre terveztek. Ez a Mark IV sorozat leg\u00fajabb modellje, amely sz\u00e1mos fejleszt\u00e9st k\u00edn\u00e1l a kor\u00e1bbi gener\u00e1ci\u00f3khoz k\u00e9pest. A k\u00f6nny\u0171 \u00e9s tart\u00f3s alum\u00ednium z\u00e1rszerkezet szell\u0151z\u0151ny\u00edl\u00e1sokkal \u00e9s az optika k\u00f6nny\u0171 felszerel\u00e9s\u00e9t biztos\u00edt\u00f3, gy\u00e1rilag be\u00e9p\u00edtett picatinny s\u00ednnel, leny\u0171g\u00f6z\u0151 kialak\u00edt\u00e1s\u00e1val \u00e9s funkcionalit\u00e1s\u00e1val. Az egyik legnagyobb el\u0151rel\u00e9p\u00e9s a kor\u00e1bbi modellekhez k\u00e9pest az \u00faj reticle rendszer. A pisztoly mostant\u00f3l egy gombnyom\u00e1ssal sz\u00e9tszerelhet\u0151, ami megk\u00f6nny\u00edti a tiszt\u00edt\u00e1st \u00e9s a karbantart\u00e1st. Az \u00e1ll\u00edthat\u00f3 h\u00e1ts\u00f3 ir\u00e1nyz\u00e9k \u00e9s a hidegen kov\u00e1csolt ac\u00e9lcs\u0151 kiv\u00e9teles pontoss\u00e1got \u00e9s hossz\u00fa \u00e9lettartamot biztos\u00edt. A Ruger Mark IV 22\/45 Lite ismert pontoss\u00e1g\u00e1r\u00f3l \u00e9s megb\u00edzhat\u00f3s\u00e1g\u00e1r\u00f3l, \u00e9s kiv\u00e1l\u00f3 v\u00e1laszt\u00e1s c\u00e9ll\u00f6v\u00e9szetre.  K\u00e9szleten 2025 febru\u00e1r k\u00f6zep\u00e9n.<\/p>","protected":false},"featured_media":9499,"template":"","meta":{"_gspb_post_css":""},"product_brand":[],"product_cat":[1895,1864,1877,1820],"product_tag":[],"class_list":{"0":"post-14504","1":"product","2":"type-product","3":"status-publish","4":"has-post-thumbnail","6":"product_cat-mark-iv","7":"product_cat-pistole-zbrane-b-c","8":"product_cat-ruger-pistole-zbrane-b-c","9":"product_cat-zbrane-b-c","11":"first","12":"outofstock","13":"taxable","14":"shipping-taxable","15":"purchasable","16":"product-type-simple"},"ct_brands":[],"_links":{"self":[{"href":"https:\/\/zbranebudai.sk\/hu\/wp-json\/wp\/v2\/product\/14504","targetHints":{"allow":["GET"]}}],"collection":[{"href":"https:\/\/zbranebudai.sk\/hu\/wp-json\/wp\/v2\/product"}],"about":[{"href":"https:\/\/zbranebudai.sk\/hu\/wp-json\/wp\/v2\/types\/product"}],"wp:featuredmedia":[{"embeddable":true,"href":"https:\/\/zbranebudai.sk\/hu\/wp-json\/wp\/v2\/media\/9499"}],"wp:attachment":[{"href":"https:\/\/zbranebudai.sk\/hu\/wp-json\/wp\/v2\/media?parent=14504"}],"wp:term":[{"taxonomy":"product_brand","embeddable":true,"href":"https:\/\/zbranebudai.sk\/hu\/wp-json\/wp\/v2\/product_brand?post=14504"},{"taxonomy":"product_cat","embeddable":true,"href":"https:\/\/zbranebudai.sk\/hu\/wp-json\/wp\/v2\/product_cat?post=14504"},{"taxonomy":"product_tag","embeddable":true,"href":"https:\/\/zbranebudai.sk\/hu\/wp-json\/wp\/v2\/product_tag?post=14504"}],"curies":[{"name":"wp","href":"https:\/\/api.w.org\/{rel}","templated":true}]}}