{"id":14503,"date":"2025-02-17T17:57:06","date_gmt":"2025-02-17T15:57:06","guid":{"rendered":"https:\/\/zbranebudai.sk\/product\/ruger-security-9-3818-kal-9mm-luger\/"},"modified":"2026-04-23T07:14:17","modified_gmt":"2026-04-23T05:14:17","slug":"ruger-security-9-3818-cal-9mm-luger","status":"publish","type":"product","link":"https:\/\/zbranebudai.sk\/hu\/product\/ruger-security-9-3818-kal-9mm-luger\/","title":{"rendered":"Ruger Security-9 3818, kal. 9mm Luger"},"content":{"rendered":"<p>PARAM\u00c9TEREK:<\/p>\n<p>T\u00e1rkapacit\u00e1s: 10 t\u00f6lt\u00e9ny<br \/>\nCs\u0151hossz: 87 mm<br \/>\nTeljes hossz: 166 mm<br \/>\nSz\u00e9less\u00e9g: 26 mm<br \/>\nMagass\u00e1g: 110 mm<br \/>\nCs\u0151oszt\u00e1s: 1:10\u2033 RH<br \/>\nS\u00faly: 620 g<\/p>","protected":false},"excerpt":{"rendered":"<p>A Ruger Security-9\u00ae egy kism\u00e9ret\u0171, kompakt, rejtett hord\u00e1s\u00fa modell, amelyet \u00fagy terveztek, hogy sz\u00e1mos pisztolyt\u00e1sk\u00e1ba illeszkedjen. Prec\u00edzi\u00f3s megmunk\u00e1l\u00e1s\u00fa, massz\u00edv konstrukci\u00f3, edzett \u00f6tv\u00f6z\u00f6tt ac\u00e9lcs\u0151, nagy szil\u00e1rds\u00e1g\u00fa nejlon \u00fcveggel t\u00f6lt\u00f6tt polimer v\u00e1z. A textur\u00e1lt markolat biztons\u00e1gos \u00e9s k\u00e9nyelmes fog\u00e1st biztos\u00edt. A bev\u00e1lt Secure Action\u2122 bels\u0151 els\u00fct\u0151szeges rendszer nagy t\u00fczel\u00e9si er\u0151t biztos\u00edt, ugyanakkor a ravasz m\u00e1s pisztolyokhoz k\u00e9pest r\u00f6vid \u00e9s sima m\u0171k\u00f6d\u00e9s\u0171. Integr\u00e1lt ravaszbiztos\u00edt\u00e1s. Tartalmazza tov\u00e1bb\u00e1: k\u00e9t \u00f6tv\u00f6z\u00f6tt ac\u00e9lb\u00f3l k\u00e9sz\u00fclt t\u00e1rat.<\/p>","protected":false},"featured_media":9497,"template":"","meta":{"_gspb_post_css":""},"product_brand":[],"product_cat":[1864,1877,2018,1820],"product_tag":[],"class_list":{"0":"post-14503","1":"product","2":"type-product","3":"status-publish","4":"has-post-thumbnail","6":"product_cat-pistole-zbrane-b-c","7":"product_cat-ruger-pistole-zbrane-b-c","8":"product_cat-security-9","9":"product_cat-zbrane-b-c","11":"first","12":"instock","13":"taxable","14":"shipping-taxable","15":"purchasable","16":"product-type-simple"},"ct_brands":[],"_links":{"self":[{"href":"https:\/\/zbranebudai.sk\/hu\/wp-json\/wp\/v2\/product\/14503","targetHints":{"allow":["GET"]}}],"collection":[{"href":"https:\/\/zbranebudai.sk\/hu\/wp-json\/wp\/v2\/product"}],"about":[{"href":"https:\/\/zbranebudai.sk\/hu\/wp-json\/wp\/v2\/types\/product"}],"wp:featuredmedia":[{"embeddable":true,"href":"https:\/\/zbranebudai.sk\/hu\/wp-json\/wp\/v2\/media\/9497"}],"wp:attachment":[{"href":"https:\/\/zbranebudai.sk\/hu\/wp-json\/wp\/v2\/media?parent=14503"}],"wp:term":[{"taxonomy":"product_brand","embeddable":true,"href":"https:\/\/zbranebudai.sk\/hu\/wp-json\/wp\/v2\/product_brand?post=14503"},{"taxonomy":"product_cat","embeddable":true,"href":"https:\/\/zbranebudai.sk\/hu\/wp-json\/wp\/v2\/product_cat?post=14503"},{"taxonomy":"product_tag","embeddable":true,"href":"https:\/\/zbranebudai.sk\/hu\/wp-json\/wp\/v2\/product_tag?post=14503"}],"curies":[{"name":"wp","href":"https:\/\/api.w.org\/{rel}","templated":true}]}}