{"id":14502,"date":"2025-02-17T17:57:06","date_gmt":"2025-02-17T15:57:06","guid":{"rendered":"https:\/\/zbranebudai.sk\/product\/zasobnik-hammerli-tac-r1-22-kal-22lr-20-nabojov\/"},"modified":"2026-04-30T09:16:21","modified_gmt":"2026-04-30T07:16:21","slug":"hammerli-tac-r1-22-kaliber-22lr-20-loves","status":"publish","type":"product","link":"https:\/\/zbranebudai.sk\/hu\/product\/zasobnik-hammerli-tac-r1-22-kal-22lr-20-nabojov\/","title":{"rendered":"T\u00f6lt\u00e9nyt\u00e1r Hammerli TAC R1 22, cal. .22LR, 20 t\u00f6lt\u00e9ny"},"content":{"rendered":"","protected":false},"excerpt":{"rendered":"<p>20 t\u00f6lt\u00e9nyes t\u00e1r.<\/p>","protected":false},"featured_media":9495,"template":"","meta":{"_gspb_post_css":""},"product_brand":[],"product_cat":[1821,1883,2007,1820],"product_tag":[],"class_list":{"0":"post-14502","1":"product","2":"type-product","3":"status-publish","4":"has-post-thumbnail","6":"product_cat-gulovnice-zbrane-b-c","7":"product_cat-hammerli","8":"product_cat-prislusenstvo-hammerli","9":"product_cat-zbrane-b-c","11":"first","12":"instock","13":"taxable","14":"shipping-taxable","15":"purchasable","16":"product-type-simple"},"ct_brands":[],"_links":{"self":[{"href":"https:\/\/zbranebudai.sk\/hu\/wp-json\/wp\/v2\/product\/14502","targetHints":{"allow":["GET"]}}],"collection":[{"href":"https:\/\/zbranebudai.sk\/hu\/wp-json\/wp\/v2\/product"}],"about":[{"href":"https:\/\/zbranebudai.sk\/hu\/wp-json\/wp\/v2\/types\/product"}],"wp:featuredmedia":[{"embeddable":true,"href":"https:\/\/zbranebudai.sk\/hu\/wp-json\/wp\/v2\/media\/9495"}],"wp:attachment":[{"href":"https:\/\/zbranebudai.sk\/hu\/wp-json\/wp\/v2\/media?parent=14502"}],"wp:term":[{"taxonomy":"product_brand","embeddable":true,"href":"https:\/\/zbranebudai.sk\/hu\/wp-json\/wp\/v2\/product_brand?post=14502"},{"taxonomy":"product_cat","embeddable":true,"href":"https:\/\/zbranebudai.sk\/hu\/wp-json\/wp\/v2\/product_cat?post=14502"},{"taxonomy":"product_tag","embeddable":true,"href":"https:\/\/zbranebudai.sk\/hu\/wp-json\/wp\/v2\/product_tag?post=14502"}],"curies":[{"name":"wp","href":"https:\/\/api.w.org\/{rel}","templated":true}]}}