{"id":14499,"date":"2025-02-17T17:57:06","date_gmt":"2025-02-17T15:57:06","guid":{"rendered":"https:\/\/zbranebudai.sk\/product\/vzduchovka-hatsan-airtact-pd-kal-55mm\/"},"modified":"2026-05-07T11:56:40","modified_gmt":"2026-05-07T09:56:40","slug":"legpuska-hatsan-airtact-pd-cal-55mm","status":"publish","type":"product","link":"https:\/\/zbranebudai.sk\/hu\/product\/vzduchovka-hatsan-airtact-pd-kal-55mm\/","title":{"rendered":"L\u00e9gpuska Hatsan AirTact PD, cal. 5,5mm"},"content":{"rendered":"<p>PARAM\u00c9TEREK:<\/p>\n<p>Energia: legfeljebb 17 J<br \/>\nCs\u0151hossz: 420 mm<br \/>\nTeljes hossz: 1104 mm<br \/>\nC\u00e9lpont: z\u00f6ld Truglo 0,9 mm-es f\u00e9nyvezet\u0151 sz\u00e1l<br \/>\nFly: piros Truglo 1,5 mm-es k\u00f6nny\u0171 v\u00edzsz\u00e1las fonal<br \/>\nDupla polimer pikatinny s\u00edn: 11\/22 mm<br \/>\nS\u00faly: 2,8 kg<\/p>","protected":false},"excerpt":{"rendered":"<p>Hatsan AirTact PD - k\u00f6nny\u0171 l\u00e9gpuska taktikai st\u00edlus\u00fa szintetikus sz\u00e1rral, h\u00fcvelykujjny\u00edl\u00e1ssal \u00e9s Montecarlo orr-r\u00e9sszel jobb- \u00e9s balkezes l\u00f6v\u0151k sz\u00e1m\u00e1ra. Prec\u00edzi\u00f3s 420 mm-es, huzalozott ac\u00e9lcs\u0151. \u00c1ll\u00edthat\u00f3 ellen\u00e1ll\u00e1s \u00e9s ravasz\u00fat. Ravaszbiztos\u00edt\u00e1s. A l\u00e9gpuska dupla sz\u00f6v\u0151s\u00ednnel van felszerelve, 11 mm-es \u00e9s 22 mm-es halsz\u00e1lk\u00e1s\u00edt\u00f3val, amely kollim\u00e1tor \u00e9s c\u00e9lt\u00e1vcs\u0151h\u00f6z egyar\u00e1nt alkalmas. TRU-GLO sz\u00e1loptik\u00e1s c\u00e9lz\u00f3k\u00e9sz\u00fcl\u00e9k kontrasztos sz\u00ednekkel a jobb c\u00e9lz\u00e1s \u00e9rdek\u00e9ben m\u00e9g gyenge f\u00e9nyviszonyok mellett is.<\/p>","protected":false},"featured_media":9489,"template":"","meta":{"_gspb_post_css":""},"product_brand":[],"product_cat":[1835,1834,1824],"product_tag":[],"class_list":{"0":"post-14499","1":"product","2":"type-product","3":"status-publish","4":"has-post-thumbnail","6":"product_cat-dlhe-vzduchovky","7":"product_cat-vzduchovky","8":"product_cat-zbrane-18-d","10":"first","11":"instock","12":"taxable","13":"shipping-taxable","14":"purchasable","15":"product-type-simple"},"ct_brands":[],"_links":{"self":[{"href":"https:\/\/zbranebudai.sk\/hu\/wp-json\/wp\/v2\/product\/14499","targetHints":{"allow":["GET"]}}],"collection":[{"href":"https:\/\/zbranebudai.sk\/hu\/wp-json\/wp\/v2\/product"}],"about":[{"href":"https:\/\/zbranebudai.sk\/hu\/wp-json\/wp\/v2\/types\/product"}],"wp:featuredmedia":[{"embeddable":true,"href":"https:\/\/zbranebudai.sk\/hu\/wp-json\/wp\/v2\/media\/9489"}],"wp:attachment":[{"href":"https:\/\/zbranebudai.sk\/hu\/wp-json\/wp\/v2\/media?parent=14499"}],"wp:term":[{"taxonomy":"product_brand","embeddable":true,"href":"https:\/\/zbranebudai.sk\/hu\/wp-json\/wp\/v2\/product_brand?post=14499"},{"taxonomy":"product_cat","embeddable":true,"href":"https:\/\/zbranebudai.sk\/hu\/wp-json\/wp\/v2\/product_cat?post=14499"},{"taxonomy":"product_tag","embeddable":true,"href":"https:\/\/zbranebudai.sk\/hu\/wp-json\/wp\/v2\/product_tag?post=14499"}],"curies":[{"name":"wp","href":"https:\/\/api.w.org\/{rel}","templated":true}]}}