{"id":14495,"date":"2025-02-17T17:57:05","date_gmt":"2025-02-17T15:57:05","guid":{"rendered":"https:\/\/zbranebudai.sk\/product\/chiappa-rhino-20ds-kal-357mag-chrome\/"},"modified":"2026-04-09T01:27:56","modified_gmt":"2026-04-08T23:27:56","slug":"chiappa-rhino-20ds-kal-357mag-krom","status":"publish","type":"product","link":"https:\/\/zbranebudai.sk\/hu\/product\/chiappa-rhino-20ds-kal-357mag-chrome\/","title":{"rendered":"Chiappa Rhino 20DS, cal. .357Mag, kr\u00f3m"},"content":{"rendered":"<p>Egy l\u00e9gy piros k\u00f6nny\u0171v\u00edzi fonallal. Az \u00fct\u0151szerkezet fesz\u00edt\u0151j\u00e9be integr\u00e1lt c\u00e9lpont. Gumib\u00f3l k\u00e9sz\u00fclt foganty\u00fa.<\/p>\n<p>PARAM\u00c9TEREK:<\/p>\n<p>T\u00e1lcakapacit\u00e1s: 6\u00a0<br \/>\nCs\u0151hossz: 51 mm (2\u2033)<br \/>\nTeljes hossz: 165 mm<br \/>\nS\u00faly: 680 g<\/p>\n<p>CSOMAG TARTALMA:<\/p>\n<p>1x Revolver<br \/>\n1x b\u0151r tok<br \/>\n3x Hold klipsz<br \/>\n1x Sz\u00e9tszerel\u0151 szersz\u00e1m<br \/>\n1x b\u0151r\u00f6nd<\/p>","protected":false},"excerpt":{"rendered":"<p>A Rhino revolver sorozat alapvet\u0151 v\u00e1ltoz\u00e1st hoz a t\u00f6bbi revolverhez k\u00e9pest. A cs\u0151 az als\u00f3 tok tengely\u00e9n helyezkedik el, \u00e9s \u00edgy k\u00f6zvetlen\u00fcl a l\u00f6v\u00e9sz csukl\u00f3j\u00e1val, kez\u00e9vel \u00e9s karj\u00e1val van egy vonalban. Ez a fegyver r\u00e1ngat\u00f3z\u00e1s\u00e1nak kik\u00fcsz\u00f6b\u00f6l\u00e9s\u00e9t eredm\u00e9nyezi l\u00f6v\u00e9skor, \u00e9s gyorsabb \u00fajrat\u00f6lt\u00e9st tesz lehet\u0151v\u00e9. Az energi\u00e1t jobban elnyeli \u00e9s jobban kontroll\u00e1lja az eg\u00e9sz kar, cs\u00f6kkentve a l\u00f6v\u00e9sz \u00e1ltal a l\u00f6v\u00e9s lead\u00e1sa ut\u00e1n \u00e9rzett visszar\u00fag\u00e1s m\u00e9rt\u00e9k\u00e9t. Ez lehet\u0151v\u00e9 tette a fegyver s\u00faly\u00e1nak cs\u00f6kkent\u00e9s\u00e9t a v\u00e1zszerkezetben haszn\u00e1lt ultrak\u00f6nny\u0171 \u00f6tv\u00f6zetek alkalmaz\u00e1s\u00e1val.<\/p>","protected":false},"featured_media":9481,"template":"","meta":{"_gspb_post_css":""},"product_brand":[],"product_cat":[1984,1858,1985,1820],"product_tag":[],"class_list":{"0":"post-14495","1":"product","2":"type-product","3":"status-publish","4":"has-post-thumbnail","6":"product_cat-chiappa-firearms","7":"product_cat-revolvery-zbrane-b-c","8":"product_cat-revolvery-chiappa-firearms","9":"product_cat-zbrane-b-c","11":"first","12":"instock","13":"taxable","14":"shipping-taxable","15":"purchasable","16":"product-type-simple"},"ct_brands":[],"_links":{"self":[{"href":"https:\/\/zbranebudai.sk\/hu\/wp-json\/wp\/v2\/product\/14495","targetHints":{"allow":["GET"]}}],"collection":[{"href":"https:\/\/zbranebudai.sk\/hu\/wp-json\/wp\/v2\/product"}],"about":[{"href":"https:\/\/zbranebudai.sk\/hu\/wp-json\/wp\/v2\/types\/product"}],"wp:featuredmedia":[{"embeddable":true,"href":"https:\/\/zbranebudai.sk\/hu\/wp-json\/wp\/v2\/media\/9481"}],"wp:attachment":[{"href":"https:\/\/zbranebudai.sk\/hu\/wp-json\/wp\/v2\/media?parent=14495"}],"wp:term":[{"taxonomy":"product_brand","embeddable":true,"href":"https:\/\/zbranebudai.sk\/hu\/wp-json\/wp\/v2\/product_brand?post=14495"},{"taxonomy":"product_cat","embeddable":true,"href":"https:\/\/zbranebudai.sk\/hu\/wp-json\/wp\/v2\/product_cat?post=14495"},{"taxonomy":"product_tag","embeddable":true,"href":"https:\/\/zbranebudai.sk\/hu\/wp-json\/wp\/v2\/product_tag?post=14495"}],"curies":[{"name":"wp","href":"https:\/\/api.w.org\/{rel}","templated":true}]}}