{"id":14492,"date":"2025-02-17T17:57:05","date_gmt":"2025-02-17T15:57:05","guid":{"rendered":"https:\/\/zbranebudai.sk\/product\/patka-zasobnika-kimar-75-auto-9mm-p-a-k\/"},"modified":"2026-04-01T23:16:12","modified_gmt":"2026-04-01T21:16:12","slug":"kimar-75-auto-9mm-p-a-k-henger-lab","status":"publish","type":"product","link":"https:\/\/zbranebudai.sk\/hu\/product\/patka-zasobnika-kimar-75-auto-9mm-p-a-k\/","title":{"rendered":"T\u00f6lt\u00e9nyl\u00e1b Kimar 75 Auto 9mm P.A.K."},"content":{"rendered":"","protected":false},"excerpt":{"rendered":"","protected":false},"featured_media":9475,"template":"","meta":{"_gspb_post_css":""},"product_brand":[],"product_cat":[1825,2063,2064,1824],"product_tag":[],"class_list":{"0":"post-14492","1":"product","2":"type-product","3":"status-publish","4":"has-post-thumbnail","6":"product_cat-expanzne-zbrane","7":"product_cat-kimar","8":"product_cat-prislusenstvo-kimar","9":"product_cat-zbrane-18-d","11":"first","12":"instock","13":"taxable","14":"shipping-taxable","15":"purchasable","16":"product-type-simple"},"ct_brands":[],"_links":{"self":[{"href":"https:\/\/zbranebudai.sk\/hu\/wp-json\/wp\/v2\/product\/14492","targetHints":{"allow":["GET"]}}],"collection":[{"href":"https:\/\/zbranebudai.sk\/hu\/wp-json\/wp\/v2\/product"}],"about":[{"href":"https:\/\/zbranebudai.sk\/hu\/wp-json\/wp\/v2\/types\/product"}],"wp:featuredmedia":[{"embeddable":true,"href":"https:\/\/zbranebudai.sk\/hu\/wp-json\/wp\/v2\/media\/9475"}],"wp:attachment":[{"href":"https:\/\/zbranebudai.sk\/hu\/wp-json\/wp\/v2\/media?parent=14492"}],"wp:term":[{"taxonomy":"product_brand","embeddable":true,"href":"https:\/\/zbranebudai.sk\/hu\/wp-json\/wp\/v2\/product_brand?post=14492"},{"taxonomy":"product_cat","embeddable":true,"href":"https:\/\/zbranebudai.sk\/hu\/wp-json\/wp\/v2\/product_cat?post=14492"},{"taxonomy":"product_tag","embeddable":true,"href":"https:\/\/zbranebudai.sk\/hu\/wp-json\/wp\/v2\/product_tag?post=14492"}],"curies":[{"name":"wp","href":"https:\/\/api.w.org\/{rel}","templated":true}]}}