{"id":14490,"date":"2025-02-17T17:57:05","date_gmt":"2025-02-17T15:57:05","guid":{"rendered":"https:\/\/zbranebudai.sk\/product\/ruger-pc-carbine-19122-kal-9mm-luger\/"},"modified":"2026-04-16T05:26:57","modified_gmt":"2026-04-16T03:26:57","slug":"ruger-pc-karabely-19122-cal-9mm-luger","status":"publish","type":"product","link":"https:\/\/zbranebudai.sk\/hu\/product\/ruger-pc-carbine-19122-kal-9mm-luger\/","title":{"rendered":"Ruger PC Carbine 19122, cal. 9mm Luger"},"content":{"rendered":"<p>PARAM\u00c9TEREK:<\/p>\n<p>Cs\u0151 hossza: 40.9cm (16.12in)<br \/>\nTeljes hossz: 87,3 cm<br \/>\nA tart\u00e1ly kapacit\u00e1sa: 17\u00a0<br \/>\nHord\u00f3 oszt\u00e1s: 1:10<br \/>\nPicatinny s\u00edn: igen<br \/>\nAnyag: ac\u00e9l<br \/>\n\u00cdg\u00e9ret: Szintetikus, \u00e1ll\u00edthat\u00f3<br \/>\nS\u00faly: 3,1 kg<\/p>","protected":false},"excerpt":{"rendered":"<p>A Ruger\u00ae PC Carbine\u2122 egy praktikus, kiegyens\u00falyozott fegyver, amely \u00fcgyes kezel\u00e9st \u00e9s gyors t\u00fczel\u00e9st tesz lehet\u0151v\u00e9 a k\u00f6nnyen el\u00e9rhet\u0151 9\u00d719 mm-es l\u0151szerrel. A cser\u00e9lhet\u0151 t\u00e1raknak k\u00f6sz\u00f6nhet\u0151en Ruger SR \u00e9s Security t\u00e1rak, valamint Glock t\u00e1rak is haszn\u00e1lhat\u00f3k.<\/p>","protected":false},"featured_media":9471,"template":"","meta":{"_gspb_post_css":""},"product_brand":[],"product_cat":[1821,2009,1837,1820],"product_tag":[],"class_list":{"0":"post-14490","1":"product","2":"type-product","3":"status-publish","4":"has-post-thumbnail","6":"product_cat-gulovnice-zbrane-b-c","7":"product_cat-pc-carbine","8":"product_cat-ruger","9":"product_cat-zbrane-b-c","11":"first","12":"outofstock","13":"taxable","14":"shipping-taxable","15":"purchasable","16":"product-type-simple"},"ct_brands":[],"_links":{"self":[{"href":"https:\/\/zbranebudai.sk\/hu\/wp-json\/wp\/v2\/product\/14490","targetHints":{"allow":["GET"]}}],"collection":[{"href":"https:\/\/zbranebudai.sk\/hu\/wp-json\/wp\/v2\/product"}],"about":[{"href":"https:\/\/zbranebudai.sk\/hu\/wp-json\/wp\/v2\/types\/product"}],"wp:featuredmedia":[{"embeddable":true,"href":"https:\/\/zbranebudai.sk\/hu\/wp-json\/wp\/v2\/media\/9471"}],"wp:attachment":[{"href":"https:\/\/zbranebudai.sk\/hu\/wp-json\/wp\/v2\/media?parent=14490"}],"wp:term":[{"taxonomy":"product_brand","embeddable":true,"href":"https:\/\/zbranebudai.sk\/hu\/wp-json\/wp\/v2\/product_brand?post=14490"},{"taxonomy":"product_cat","embeddable":true,"href":"https:\/\/zbranebudai.sk\/hu\/wp-json\/wp\/v2\/product_cat?post=14490"},{"taxonomy":"product_tag","embeddable":true,"href":"https:\/\/zbranebudai.sk\/hu\/wp-json\/wp\/v2\/product_tag?post=14490"}],"curies":[{"name":"wp","href":"https:\/\/api.w.org\/{rel}","templated":true}]}}