{"id":14488,"date":"2025-02-17T17:57:04","date_gmt":"2025-02-17T15:57:04","guid":{"rendered":"https:\/\/zbranebudai.sk\/product\/ruger-77-44-7417-kal-44-rem-mag\/"},"modified":"2025-09-06T09:57:50","modified_gmt":"2025-09-06T07:57:50","slug":"ruger-77-44-7417-kal-44-rem-mag","status":"publish","type":"product","link":"https:\/\/zbranebudai.sk\/hu\/product\/ruger-77-44-7417-kal-44-rem-mag\/","title":{"rendered":"Ruger 77\/44 7417, cal. .44 Rem Mag"},"content":{"rendered":"<p>PARAM\u00c9TEREK:<\/p>\n<p>Cs\u0151hossz: 470 mm (18.5 in)<br \/>\nTeljes hossz: 978 mm<br \/>\nT\u00e1lcakapacit\u00e1s: 4<br \/>\nHord\u00f3 d\u0151l\u00e9ssz\u00f6ge: 1:20<br \/>\nPicatinny s\u00edn: nem<br \/>\nAnyag: rozsdamentes ac\u00e9l<br \/>\n\u00cdg\u00e9ret: Szintetikus<br \/>\nS\u00faly: 2,4 kg<\/p>","protected":false},"excerpt":{"rendered":"<p>A Ruger 77 egy k\u00f6nnyen kezelhet\u0151 fegyver, amelyet r\u00f6vid \u00e9s k\u00f6zepes hat\u00f3t\u00e1vols\u00e1g\u00fa vad\u00e1szatra terveztek. Hatalmas el\u0151nye, hogy ugyanazokat a puskal\u0151szereket pisztolyban\/revolverben is lehet haszn\u00e1lni, amelyeket gyakran tartal\u00e9k fegyverk\u00e9nt hordanak magukkal vad\u00e1szat k\u00f6zben. Kompakt m\u00e9ret\u00e9nek k\u00f6sz\u00f6nhet\u0151en a Ruger 77 alkalmas a fiatalabb, kezd\u0151 l\u00f6v\u00e9szek sz\u00e1m\u00e1ra is. Rozsdamentes ac\u00e9l gy\u0171r\u0171ket tartalmaz egy 1\u2033 \u00e1tm\u00e9r\u0151j\u0171 cs\u00f6ves c\u00e9lt\u00e1vcs\u0151 felszerel\u00e9s\u00e9hez.<\/p>","protected":false},"featured_media":9467,"template":"","meta":{"_gspb_post_css":""},"product_brand":[],"product_cat":[2062,1821,1837,1820],"product_tag":[],"class_list":{"0":"post-14488","1":"product","2":"type-product","3":"status-publish","4":"has-post-thumbnail","6":"product_cat-77-series","7":"product_cat-gulovnice-zbrane-b-c","8":"product_cat-ruger","9":"product_cat-zbrane-b-c","11":"first","12":"outofstock","13":"taxable","14":"shipping-taxable","15":"purchasable","16":"product-type-simple"},"ct_brands":[],"_links":{"self":[{"href":"https:\/\/zbranebudai.sk\/hu\/wp-json\/wp\/v2\/product\/14488","targetHints":{"allow":["GET"]}}],"collection":[{"href":"https:\/\/zbranebudai.sk\/hu\/wp-json\/wp\/v2\/product"}],"about":[{"href":"https:\/\/zbranebudai.sk\/hu\/wp-json\/wp\/v2\/types\/product"}],"wp:featuredmedia":[{"embeddable":true,"href":"https:\/\/zbranebudai.sk\/hu\/wp-json\/wp\/v2\/media\/9467"}],"wp:attachment":[{"href":"https:\/\/zbranebudai.sk\/hu\/wp-json\/wp\/v2\/media?parent=14488"}],"wp:term":[{"taxonomy":"product_brand","embeddable":true,"href":"https:\/\/zbranebudai.sk\/hu\/wp-json\/wp\/v2\/product_brand?post=14488"},{"taxonomy":"product_cat","embeddable":true,"href":"https:\/\/zbranebudai.sk\/hu\/wp-json\/wp\/v2\/product_cat?post=14488"},{"taxonomy":"product_tag","embeddable":true,"href":"https:\/\/zbranebudai.sk\/hu\/wp-json\/wp\/v2\/product_tag?post=14488"}],"curies":[{"name":"wp","href":"https:\/\/api.w.org\/{rel}","templated":true}]}}