{"id":14487,"date":"2025-02-17T17:57:04","date_gmt":"2025-02-17T15:57:04","guid":{"rendered":"https:\/\/zbranebudai.sk\/product\/set-pre-zvacsenie-kapacity-zasobnika-p30-sfp9-z-15r-na-17r\/"},"modified":"2026-04-16T04:17:59","modified_gmt":"2026-04-16T02:17:59","slug":"keszlet-a-p30-sfp9-kapacitasanak-15r-rol-17r-re-torteno-novelesehez","status":"publish","type":"product","link":"https:\/\/zbranebudai.sk\/hu\/product\/set-pre-zvacsenie-kapacity-zasobnika-p30-sfp9-z-15r-na-17r\/","title":{"rendered":"A P30\/SFP9 kapacit\u00e1s\u00e1nak 15r-r\u0151l 17r-re t\u00f6rt\u00e9n\u0151 n\u00f6vel\u00e9s\u00e9re szolg\u00e1l\u00f3 k\u00e9szlet"},"content":{"rendered":"","protected":false},"excerpt":{"rendered":"<p>A k\u00e9szlet tartalmazza a t\u00e1rrug\u00f3t, a t\u00e1radagol\u00f3t, a t\u00e1ralapot \u00e9s a t\u00e1ralap al\u00e1t\u00e9tet. P30\/SFP9 t\u00e1rakhoz tervezt\u00e9k. N\u00f6veli a t\u00e1rkapacit\u00e1st 15 t\u00f6lt\u00e9nyr\u0151l 17 t\u00f6lt\u00e9nyre.<\/p>","protected":false},"featured_media":9465,"template":"","meta":{"_gspb_post_css":""},"product_brand":[],"product_cat":[1865,1864,1888,2228,1820],"product_tag":[],"class_list":{"0":"post-14487","1":"product","2":"type-product","3":"status-publish","4":"has-post-thumbnail","6":"product_cat-heckler-koch-pistole-zbrane-b-c","7":"product_cat-pistole-zbrane-b-c","8":"product_cat-prislusenstvo-heckler-koch","9":"product_cat-zasobniky-prislusenstvo-heckler-koch","10":"product_cat-zbrane-b-c","12":"first","13":"instock","14":"taxable","15":"shipping-taxable","16":"purchasable","17":"product-type-simple"},"ct_brands":[],"_links":{"self":[{"href":"https:\/\/zbranebudai.sk\/hu\/wp-json\/wp\/v2\/product\/14487","targetHints":{"allow":["GET"]}}],"collection":[{"href":"https:\/\/zbranebudai.sk\/hu\/wp-json\/wp\/v2\/product"}],"about":[{"href":"https:\/\/zbranebudai.sk\/hu\/wp-json\/wp\/v2\/types\/product"}],"wp:featuredmedia":[{"embeddable":true,"href":"https:\/\/zbranebudai.sk\/hu\/wp-json\/wp\/v2\/media\/9465"}],"wp:attachment":[{"href":"https:\/\/zbranebudai.sk\/hu\/wp-json\/wp\/v2\/media?parent=14487"}],"wp:term":[{"taxonomy":"product_brand","embeddable":true,"href":"https:\/\/zbranebudai.sk\/hu\/wp-json\/wp\/v2\/product_brand?post=14487"},{"taxonomy":"product_cat","embeddable":true,"href":"https:\/\/zbranebudai.sk\/hu\/wp-json\/wp\/v2\/product_cat?post=14487"},{"taxonomy":"product_tag","embeddable":true,"href":"https:\/\/zbranebudai.sk\/hu\/wp-json\/wp\/v2\/product_tag?post=14487"}],"curies":[{"name":"wp","href":"https:\/\/api.w.org\/{rel}","templated":true}]}}