{"id":14484,"date":"2025-02-17T17:57:03","date_gmt":"2025-02-17T15:57:03","guid":{"rendered":"https:\/\/zbranebudai.sk\/product\/poistka-sp5-sp5k-predlzena-pravoruka\/"},"modified":"2026-04-16T04:31:56","modified_gmt":"2026-04-16T02:31:56","slug":"biztositek-sp5-sp5k-meghosszabbitott-jobb-kezre","status":"publish","type":"product","link":"https:\/\/zbranebudai.sk\/hu\/product\/poistka-sp5-sp5k-predlzena-pravoruka\/","title":{"rendered":"SP5\/SP5K biztos\u00edt\u00e9k meghosszabb\u00edtva jobb k\u00e9zzel"},"content":{"rendered":"","protected":false},"excerpt":{"rendered":"","protected":false},"featured_media":9455,"template":"","meta":{"_gspb_post_css":""},"product_brand":[],"product_cat":[1821,1867,1932,1820],"product_tag":[],"class_list":{"0":"post-14484","1":"product","2":"type-product","3":"status-publish","4":"has-post-thumbnail","6":"product_cat-gulovnice-zbrane-b-c","7":"product_cat-heckler-koch-gulovnice-zbrane-b-c","8":"product_cat-prislusenstvo-hk","9":"product_cat-zbrane-b-c","11":"first","12":"instock","13":"taxable","14":"shipping-taxable","15":"purchasable","16":"product-type-simple"},"ct_brands":[],"_links":{"self":[{"href":"https:\/\/zbranebudai.sk\/hu\/wp-json\/wp\/v2\/product\/14484","targetHints":{"allow":["GET"]}}],"collection":[{"href":"https:\/\/zbranebudai.sk\/hu\/wp-json\/wp\/v2\/product"}],"about":[{"href":"https:\/\/zbranebudai.sk\/hu\/wp-json\/wp\/v2\/types\/product"}],"wp:featuredmedia":[{"embeddable":true,"href":"https:\/\/zbranebudai.sk\/hu\/wp-json\/wp\/v2\/media\/9455"}],"wp:attachment":[{"href":"https:\/\/zbranebudai.sk\/hu\/wp-json\/wp\/v2\/media?parent=14484"}],"wp:term":[{"taxonomy":"product_brand","embeddable":true,"href":"https:\/\/zbranebudai.sk\/hu\/wp-json\/wp\/v2\/product_brand?post=14484"},{"taxonomy":"product_cat","embeddable":true,"href":"https:\/\/zbranebudai.sk\/hu\/wp-json\/wp\/v2\/product_cat?post=14484"},{"taxonomy":"product_tag","embeddable":true,"href":"https:\/\/zbranebudai.sk\/hu\/wp-json\/wp\/v2\/product_tag?post=14484"}],"curies":[{"name":"wp","href":"https:\/\/api.w.org\/{rel}","templated":true}]}}