{"id":14482,"date":"2025-02-17T17:57:03","date_gmt":"2025-02-17T15:57:03","guid":{"rendered":"https:\/\/zbranebudai.sk\/product\/pistol-hk-sfp9-match-or-pb-kal-9x19\/"},"modified":"2026-04-23T06:25:18","modified_gmt":"2026-04-23T04:25:18","slug":"pisztoly-hk-sfp9-merkozes-vagy-pb-kal-9x19","status":"publish","type":"product","link":"https:\/\/zbranebudai.sk\/hu\/product\/pistol-hk-sfp9-match-or-pb-kal-9x19\/","title":{"rendered":"Pisztoly HK SFP9 Match OR PB, cal. 9\u00d719"},"content":{"rendered":"<p>OR (optikai k\u00e9sz) - el\u0151k\u00e9sz\u00edt\u00e9s a kollim\u00e1torhoz. PB (nyom\u00f3gomb) - t\u00e1rkiold\u00e1s nyom\u00f3gombbal.  O-gy\u0171r\u0171 a cs\u0151j\u00e1t\u00e9k minimaliz\u00e1l\u00e1sa \u00e9s a pontoss\u00e1g el\u0151seg\u00edt\u00e9se \u00e9rdek\u00e9ben. Picatinny s\u00edn. Foszforeszk\u00e1l\u00f3 c\u00e9lz\u00f3k\u00e9sz\u00fcl\u00e9k (1+2 pont).\u00a0<\/p>\n<p>PARAM\u00c9TEREK:<\/p>\n<p>Kiold\u00f3 ellen\u00e1ll\u00e1s: 15 N + 4 N<br \/>\nKiold\u00f3\u00fat: 6 mm<br \/>\nVissza\u00e1ll\u00edt\u00e1s: 3 mm<br \/>\nT\u00e1rkapacit\u00e1s: 20 t\u00f6lt\u00e9ny<br \/>\nCs\u0151hossz: 140 mm<br \/>\nTeljes hossz: 227 mm<br \/>\nSz\u00e9less\u00e9g: 43,5 mm<br \/>\nMagass\u00e1g: 163 mm<br \/>\nSz\u00e1nd\u00e9kos hossz: 195 mm<br \/>\nS\u00faly: 813 g<\/p>\n<p>CSOMAG TARTALMA:<\/p>\n<p>1x Pisztoly<br \/>\n3x t\u00e1lca<br \/>\n4x Cser\u00e9lhet\u0151 oldalak + 2x Foganty\u00fa h\u00e1tlapok<br \/>\n1x b\u0151r\u00f6nd<\/p>","protected":false},"excerpt":{"rendered":"<p>HK SFP9 MATCH - az ambici\u00f3zus sportl\u00f6v\u0151k \u00faj z\u00e1szl\u00f3shaj\u00f3ja. Az ide\u00e1lis egyens\u00faly, a mind\u00f6ssze 15N + 4N ellen\u00e1ll\u00e1s\u00fa \u00faj sportkiold\u00f3 \u00e9s a prec\u00edzi\u00f3s 5,5 h\u00fcvelykes cs\u0151 nagy pontoss\u00e1got biztos\u00edt, legyen sz\u00f3 statikus vagy dinamikus l\u00f6v\u00e9szetr\u0151l. Meghosszabb\u00edtott t\u00e1rny\u00edl\u00e1s a gyorsabb \u00fajrat\u00f6lt\u00e9s \u00e9rdek\u00e9ben. Ergonomikus kialak\u00edt\u00e1s lehet\u0151v\u00e9 teszi az egy\u00e9ni markolat t\u00f6k\u00e9letes be\u00e1ll\u00edt\u00e1s\u00e1t a cser\u00e9lhet\u0151 markolatoldalak \u00e9s -h\u00e1tlapok r\u00e9v\u00e9n. Maxim\u00e1lis biztons\u00e1g az SFP modellsorozat alapj\u00e1n. A HK magas szint\u0171 szabv\u00e1nyainak megfelel\u0151 prec\u00edzi\u00f3s megmunk\u00e1l\u00e1s, a kiv\u00e1l\u00f3 ergon\u00f3mia \u00e9s a nagy pontoss\u00e1g teszi a HK SFP9 MATCH OR-t a sportl\u00f6v\u00e9szet t\u00f6k\u00e9letes fegyver\u00e9v\u00e9.<\/p>","protected":false},"featured_media":9451,"template":"","meta":{"_gspb_post_css":""},"product_brand":[],"product_cat":[1865,1864,2061,1820],"product_tag":[],"class_list":{"0":"post-14482","1":"product","2":"type-product","3":"status-publish","4":"has-post-thumbnail","6":"product_cat-heckler-koch-pistole-zbrane-b-c","7":"product_cat-pistole-zbrane-b-c","8":"product_cat-sfp9-match","9":"product_cat-zbrane-b-c","11":"first","12":"instock","13":"taxable","14":"shipping-taxable","15":"purchasable","16":"product-type-simple"},"ct_brands":[],"_links":{"self":[{"href":"https:\/\/zbranebudai.sk\/hu\/wp-json\/wp\/v2\/product\/14482","targetHints":{"allow":["GET"]}}],"collection":[{"href":"https:\/\/zbranebudai.sk\/hu\/wp-json\/wp\/v2\/product"}],"about":[{"href":"https:\/\/zbranebudai.sk\/hu\/wp-json\/wp\/v2\/types\/product"}],"wp:featuredmedia":[{"embeddable":true,"href":"https:\/\/zbranebudai.sk\/hu\/wp-json\/wp\/v2\/media\/9451"}],"wp:attachment":[{"href":"https:\/\/zbranebudai.sk\/hu\/wp-json\/wp\/v2\/media?parent=14482"}],"wp:term":[{"taxonomy":"product_brand","embeddable":true,"href":"https:\/\/zbranebudai.sk\/hu\/wp-json\/wp\/v2\/product_brand?post=14482"},{"taxonomy":"product_cat","embeddable":true,"href":"https:\/\/zbranebudai.sk\/hu\/wp-json\/wp\/v2\/product_cat?post=14482"},{"taxonomy":"product_tag","embeddable":true,"href":"https:\/\/zbranebudai.sk\/hu\/wp-json\/wp\/v2\/product_tag?post=14482"}],"curies":[{"name":"wp","href":"https:\/\/api.w.org\/{rel}","templated":true}]}}