{"id":14480,"date":"2025-02-17T17:57:03","date_gmt":"2025-02-17T15:57:03","guid":{"rendered":"https:\/\/zbranebudai.sk\/product\/predne-mieridla-little-badger-m1-22\/"},"modified":"2026-04-16T05:38:15","modified_gmt":"2026-04-16T03:38:15","slug":"little-badger-m1-22-elso-kullok","status":"publish","type":"product","link":"https:\/\/zbranebudai.sk\/hu\/product\/predne-mieridla-little-badger-m1-22\/","title":{"rendered":"El\u00fcls\u0151 c\u00e9lz\u00f3k\u00e9sz\u00fcl\u00e9k Little Badger \/ M1-22"},"content":{"rendered":"","protected":false},"excerpt":{"rendered":"","protected":false},"featured_media":9447,"template":"","meta":{"_gspb_post_css":""},"product_brand":[],"product_cat":[1986,1821,1997,1820],"product_tag":[],"class_list":{"0":"post-14480","1":"product","2":"type-product","3":"status-publish","4":"has-post-thumbnail","6":"product_cat-chiappa-firearms-gulovnice-zbrane-b-c","7":"product_cat-gulovnice-zbrane-b-c","8":"product_cat-prislusenstvo-chiappa-firearms","9":"product_cat-zbrane-b-c","11":"first","12":"outofstock","13":"taxable","14":"shipping-taxable","15":"purchasable","16":"product-type-simple"},"ct_brands":[],"_links":{"self":[{"href":"https:\/\/zbranebudai.sk\/hu\/wp-json\/wp\/v2\/product\/14480","targetHints":{"allow":["GET"]}}],"collection":[{"href":"https:\/\/zbranebudai.sk\/hu\/wp-json\/wp\/v2\/product"}],"about":[{"href":"https:\/\/zbranebudai.sk\/hu\/wp-json\/wp\/v2\/types\/product"}],"wp:featuredmedia":[{"embeddable":true,"href":"https:\/\/zbranebudai.sk\/hu\/wp-json\/wp\/v2\/media\/9447"}],"wp:attachment":[{"href":"https:\/\/zbranebudai.sk\/hu\/wp-json\/wp\/v2\/media?parent=14480"}],"wp:term":[{"taxonomy":"product_brand","embeddable":true,"href":"https:\/\/zbranebudai.sk\/hu\/wp-json\/wp\/v2\/product_brand?post=14480"},{"taxonomy":"product_cat","embeddable":true,"href":"https:\/\/zbranebudai.sk\/hu\/wp-json\/wp\/v2\/product_cat?post=14480"},{"taxonomy":"product_tag","embeddable":true,"href":"https:\/\/zbranebudai.sk\/hu\/wp-json\/wp\/v2\/product_tag?post=14480"}],"curies":[{"name":"wp","href":"https:\/\/api.w.org\/{rel}","templated":true}]}}