{"id":14478,"date":"2025-02-17T17:57:03","date_gmt":"2025-02-17T15:57:03","guid":{"rendered":"https:\/\/zbranebudai.sk\/product\/ruger-5-7-16401-kal-57x28mm\/"},"modified":"2026-04-16T03:48:00","modified_gmt":"2026-04-16T01:48:00","slug":"ruger-5-7-16401-cal-57x28mm","status":"publish","type":"product","link":"https:\/\/zbranebudai.sk\/hu\/product\/ruger-5-7-16401-kal-57x28mm\/","title":{"rendered":"Ruger-5.7 16401, cal. 5.7x28mm"},"content":{"rendered":"<p>PARAM\u00c9TEREK:<\/p>\n<p>A tart\u00e1ly kapacit\u00e1sa: 20<br \/>\nCs\u0151hossz: 125 mm (4.94\u2033)<br \/>\nTeljes hossz: 220 mm<br \/>\nSz\u00e9less\u00e9g: 30 mm<br \/>\nMagass\u00e1g: 142 mm<br \/>\nSz\u00e1nd\u00e9kos hossz: 192 mm<br \/>\nS\u00faly: 695 g<\/p>\n<p>CSOMAG TARTALMA:<\/p>\n<p>1x Pisztoly<br \/>\n2x t\u00e1lca\u00a0<br \/>\n1x fegyverz\u00e1r<br \/>\n1x b\u0151r\u00f6nd<\/p>","protected":false},"excerpt":{"rendered":"<p>Ruger-5.7 16401 pisztoly polimer v\u00e1zzal \u00e9s dupla soros t\u00e1rral, amely alkalmas hossz\u00fa t\u00e1v\u00fa l\u00f6v\u00e9szetre. A leny\u0171g\u00f6z\u0151 ergon\u00f3mia mag\u00e1ban foglalja a k\u00f6nnyen el\u00e9rhet\u0151 ravaszt, a k\u00e9tkezes 1911-es st\u00edlus\u00fa k\u00e9zi biztos\u00edt\u00e9kot, a robusztus tol\u00f3z\u00e1rat, a ravaszbiztos\u00edt\u00e9kot, a kamra t\u00f6lt\u00e9sjelz\u0151t, a pikatinny s\u00ednt \u00e9s a k\u00e9tkezes t\u00e1rkiold\u00f3 reteszt. Bizony\u00edtott Secure Action\u2122 t\u0171zvez\u00e9rl\u0151 rendszer.  A ravasz r\u00f6vid, sima h\u00faz\u00e1ssal, tiszta t\u00f6r\u00e9ssel \u00e9s pozit\u00edv vissza\u00e1ll\u00edt\u00e1ssal rendelkezik. Biztons\u00e1gos \u00e9s egyszer\u0171 \u00f6sszeszerel\u00e9s szersz\u00e1mok \u00e9s ravaszh\u00faz\u00e1s n\u00e9lk\u00fcl. Z\u00f6ld f\u00e9nyt vezet\u0151 c\u00e9lz\u00f3k\u00e9sz\u00fcl\u00e9k. \u00c1ll\u00edthat\u00f3 magass\u00e1g\u00fa \u00e9s oldals\u00f3 ir\u00e1nyz\u00e9k vak\u00edt\u00e1sg\u00e1tl\u00f3 rec\u00e9z\u00e9ssel. F\u00fart menetek a kollim\u00e1tor egyszer\u0171 felszerel\u00e9s\u00e9hez a szerel\u0151lemez seg\u00edts\u00e9g\u00e9vel.<\/p>","protected":false},"featured_media":9443,"template":"","meta":{"_gspb_post_css":""},"product_brand":[],"product_cat":[1864,1877,2060,1820],"product_tag":[],"class_list":{"0":"post-14478","1":"product","2":"type-product","3":"status-publish","4":"has-post-thumbnail","6":"product_cat-pistole-zbrane-b-c","7":"product_cat-ruger-pistole-zbrane-b-c","8":"product_cat-ruger-5-7","9":"product_cat-zbrane-b-c","11":"first","12":"instock","13":"taxable","14":"shipping-taxable","15":"purchasable","16":"product-type-simple"},"ct_brands":[],"_links":{"self":[{"href":"https:\/\/zbranebudai.sk\/hu\/wp-json\/wp\/v2\/product\/14478","targetHints":{"allow":["GET"]}}],"collection":[{"href":"https:\/\/zbranebudai.sk\/hu\/wp-json\/wp\/v2\/product"}],"about":[{"href":"https:\/\/zbranebudai.sk\/hu\/wp-json\/wp\/v2\/types\/product"}],"wp:featuredmedia":[{"embeddable":true,"href":"https:\/\/zbranebudai.sk\/hu\/wp-json\/wp\/v2\/media\/9443"}],"wp:attachment":[{"href":"https:\/\/zbranebudai.sk\/hu\/wp-json\/wp\/v2\/media?parent=14478"}],"wp:term":[{"taxonomy":"product_brand","embeddable":true,"href":"https:\/\/zbranebudai.sk\/hu\/wp-json\/wp\/v2\/product_brand?post=14478"},{"taxonomy":"product_cat","embeddable":true,"href":"https:\/\/zbranebudai.sk\/hu\/wp-json\/wp\/v2\/product_cat?post=14478"},{"taxonomy":"product_tag","embeddable":true,"href":"https:\/\/zbranebudai.sk\/hu\/wp-json\/wp\/v2\/product_tag?post=14478"}],"curies":[{"name":"wp","href":"https:\/\/api.w.org\/{rel}","templated":true}]}}