{"id":14475,"date":"2025-02-17T17:57:02","date_gmt":"2025-02-17T15:57:02","guid":{"rendered":"https:\/\/zbranebudai.sk\/product\/ploche-dno-na-zasobnik-hellcat-h11-9x19\/"},"modified":"2026-04-16T05:31:53","modified_gmt":"2026-04-16T03:31:53","slug":"lapos-fenek-a-hellcat-h11-9x19-es-tankhoz","status":"publish","type":"product","link":"https:\/\/zbranebudai.sk\/hu\/product\/ploche-dno-na-zasobnik-hellcat-h11-9x19\/","title":{"rendered":"Lapos fen\u00e9k HELLCAT\/H11 t\u00e1rhoz, 9\u00d719"},"content":{"rendered":"","protected":false},"excerpt":{"rendered":"<p>(40\/862290\/HELLCAT MAGAZIN ALAP\u00cdTV\u00c1NY 11. sz\u00e1m)<\/p>","protected":false},"featured_media":9433,"template":"","meta":{"_gspb_post_css":""},"product_brand":[],"product_cat":[1864,2043,2033,2230,1820],"product_tag":[],"class_list":{"0":"post-14475","1":"product","2":"type-product","3":"status-publish","4":"has-post-thumbnail","6":"product_cat-pistole-zbrane-b-c","7":"product_cat-prislusenstvo-springfield-armory","8":"product_cat-springfield-armory-hs-produkt","9":"product_cat-zasobniky-prislusenstvo-springfield-armory","10":"product_cat-zbrane-b-c","12":"first","13":"instock","14":"taxable","15":"shipping-taxable","16":"purchasable","17":"product-type-simple"},"ct_brands":[],"_links":{"self":[{"href":"https:\/\/zbranebudai.sk\/hu\/wp-json\/wp\/v2\/product\/14475","targetHints":{"allow":["GET"]}}],"collection":[{"href":"https:\/\/zbranebudai.sk\/hu\/wp-json\/wp\/v2\/product"}],"about":[{"href":"https:\/\/zbranebudai.sk\/hu\/wp-json\/wp\/v2\/types\/product"}],"wp:featuredmedia":[{"embeddable":true,"href":"https:\/\/zbranebudai.sk\/hu\/wp-json\/wp\/v2\/media\/9433"}],"wp:attachment":[{"href":"https:\/\/zbranebudai.sk\/hu\/wp-json\/wp\/v2\/media?parent=14475"}],"wp:term":[{"taxonomy":"product_brand","embeddable":true,"href":"https:\/\/zbranebudai.sk\/hu\/wp-json\/wp\/v2\/product_brand?post=14475"},{"taxonomy":"product_cat","embeddable":true,"href":"https:\/\/zbranebudai.sk\/hu\/wp-json\/wp\/v2\/product_cat?post=14475"},{"taxonomy":"product_tag","embeddable":true,"href":"https:\/\/zbranebudai.sk\/hu\/wp-json\/wp\/v2\/product_tag?post=14475"}],"curies":[{"name":"wp","href":"https:\/\/api.w.org\/{rel}","templated":true}]}}