{"id":14471,"date":"2025-02-17T17:57:02","date_gmt":"2025-02-17T15:57:02","guid":{"rendered":"https:\/\/zbranebudai.sk\/product\/beretta-wilson-combat-92g-centurion-tactical-kal-9x19\/"},"modified":"2026-04-30T09:31:17","modified_gmt":"2026-04-30T07:31:17","slug":"beretta-wilson-combat-92g-centurion-taktikai-cal-9x19","status":"publish","type":"product","link":"https:\/\/zbranebudai.sk\/hu\/product\/beretta-wilson-combat-92g-centurion-tactical-kal-9x19\/","title":{"rendered":"Beretta\/Wilson Combat 92G Centurion Tactical, cal. 9\u00d719"},"content":{"rendered":"<p>PARAM\u00c9TEREK:<\/p>\n<p>T\u00e1rkapacit\u00e1s: 17 \/ 20 t\u00f6lt\u00e9ny<br \/>\nCs\u0151hossz: 109 mm<br \/>\nTeljes hossz: 197 mm<br \/>\nSz\u00e9less\u00e9g: 38 mm<br \/>\nMagass\u00e1g: 140 mm<br \/>\nSz\u00e1nd\u00e9kos hossz: 156 mm<br \/>\nS\u00faly: 941 g<\/p>\n<p>CSOMAG TARTALMA:<\/p>\n<p>1x Pisztoly<br \/>\n3x t\u00e1lca (2x standard, 1x hosszabb\u00edtott)<br \/>\n1x fegyverz\u00e1r<br \/>\n1x b\u0151r\u00f6nd<\/p>","protected":false},"excerpt":{"rendered":"<p>A Beretta\/Wilson Combat 92G Centurion Tactical egyes\u00edti a Brigadier Tactical d\u00edjnyertes, nagy teljes\u00edtm\u00e9ny\u0171, tov\u00e1bbfejlesztett v\u00e1z\u00e1t a Centurion r\u00f6videbb, 4,25 h\u00fcvelykes z\u00e1r\u00f3cs\u00f6v\u00e9vel, hogy egy elit felszerel\u00e9st hozzon l\u00e9tre a mindennapi haszn\u00e1latra. Ez a modell optimaliz\u00e1lt alkatr\u00e9szekkel, tov\u00e1bbfejlesztett z\u00e1rszerkezettel \u00e9s \"U\" alak\u00fa c\u00e9lz\u00f3k\u00e9sz\u00fcl\u00e9kkel rendelkezik, amelyhez egy Ameriglo \"Hackathorn\" narancss\u00e1rga gy\u0171r\u0171s c\u00e9lz\u00f3k\u00e9sz\u00fcl\u00e9k p\u00e1rosul.<\/p>","protected":false},"featured_media":9419,"template":"","meta":{"_gspb_post_css":""},"product_brand":[],"product_cat":[1950,1864,1951,1820],"product_tag":[],"class_list":{"0":"post-14471","1":"product","2":"type-product","3":"status-publish","4":"has-post-thumbnail","6":"product_cat-beretta-usa","7":"product_cat-pistole-zbrane-b-c","8":"product_cat-pistole-beretta-usa","9":"product_cat-zbrane-b-c","11":"first","12":"instock","13":"taxable","14":"shipping-taxable","15":"purchasable","16":"product-type-simple"},"ct_brands":[],"_links":{"self":[{"href":"https:\/\/zbranebudai.sk\/hu\/wp-json\/wp\/v2\/product\/14471","targetHints":{"allow":["GET"]}}],"collection":[{"href":"https:\/\/zbranebudai.sk\/hu\/wp-json\/wp\/v2\/product"}],"about":[{"href":"https:\/\/zbranebudai.sk\/hu\/wp-json\/wp\/v2\/types\/product"}],"wp:featuredmedia":[{"embeddable":true,"href":"https:\/\/zbranebudai.sk\/hu\/wp-json\/wp\/v2\/media\/9419"}],"wp:attachment":[{"href":"https:\/\/zbranebudai.sk\/hu\/wp-json\/wp\/v2\/media?parent=14471"}],"wp:term":[{"taxonomy":"product_brand","embeddable":true,"href":"https:\/\/zbranebudai.sk\/hu\/wp-json\/wp\/v2\/product_brand?post=14471"},{"taxonomy":"product_cat","embeddable":true,"href":"https:\/\/zbranebudai.sk\/hu\/wp-json\/wp\/v2\/product_cat?post=14471"},{"taxonomy":"product_tag","embeddable":true,"href":"https:\/\/zbranebudai.sk\/hu\/wp-json\/wp\/v2\/product_tag?post=14471"}],"curies":[{"name":"wp","href":"https:\/\/api.w.org\/{rel}","templated":true}]}}