{"id":14470,"date":"2025-02-17T17:57:02","date_gmt":"2025-02-17T15:57:02","guid":{"rendered":"https:\/\/zbranebudai.sk\/product\/beretta-m9-kal-9x19\/"},"modified":"2026-05-07T11:48:26","modified_gmt":"2026-05-07T09:48:26","slug":"beretta-m9-cal-9x19","status":"publish","type":"product","link":"https:\/\/zbranebudai.sk\/hu\/product\/beretta-m9-kal-9x19\/","title":{"rendered":"Beretta M9, cal. 9\u00d719"},"content":{"rendered":"<p>PARAM\u00c9TEREK:<\/p>\n<p>T\u00e1rkapacit\u00e1s: 15 t\u00f6lt\u00e9ny<br \/>\nCs\u0151hossz: 125 mm<br \/>\nTeljes hossz: 216 mm<br \/>\nSz\u00e9less\u00e9g: 38 mm<br \/>\nMagass\u00e1g: 137 mm<br \/>\nSz\u00e1nd\u00e9kos hossz: 160 mm<br \/>\nS\u00faly: 944 g<\/p>\n<p>CSOMAG TARTALMA:<\/p>\n<p>1x Pisztoly<br \/>\n2x t\u00e1lca<br \/>\n1x fegyverz\u00e1r<br \/>\n1x b\u0151r\u00f6nd<\/p>","protected":false},"excerpt":{"rendered":"<p>A Beretta M9 a legmagasabb szint\u0171 harci \u00e9s taktikai pisztolynak tekinthet\u0151. T\u00f6bb mint negyed \u00e9vsz\u00e1zada szolg\u00e1lja az amerikai hadsereget vil\u00e1gszerte, \u00e9s az egyik legmegb\u00edzhat\u00f3bb r\u00f6vid pisztoly a katonai \u00e9s szem\u00e9lyes v\u00e9delemben.<\/p>","protected":false},"featured_media":9417,"template":"","meta":{"_gspb_post_css":""},"product_brand":[],"product_cat":[1950,1864,1951,1820],"product_tag":[],"class_list":{"0":"post-14470","1":"product","2":"type-product","3":"status-publish","4":"has-post-thumbnail","6":"product_cat-beretta-usa","7":"product_cat-pistole-zbrane-b-c","8":"product_cat-pistole-beretta-usa","9":"product_cat-zbrane-b-c","11":"first","12":"instock","13":"taxable","14":"shipping-taxable","15":"purchasable","16":"product-type-simple"},"ct_brands":[],"_links":{"self":[{"href":"https:\/\/zbranebudai.sk\/hu\/wp-json\/wp\/v2\/product\/14470","targetHints":{"allow":["GET"]}}],"collection":[{"href":"https:\/\/zbranebudai.sk\/hu\/wp-json\/wp\/v2\/product"}],"about":[{"href":"https:\/\/zbranebudai.sk\/hu\/wp-json\/wp\/v2\/types\/product"}],"wp:featuredmedia":[{"embeddable":true,"href":"https:\/\/zbranebudai.sk\/hu\/wp-json\/wp\/v2\/media\/9417"}],"wp:attachment":[{"href":"https:\/\/zbranebudai.sk\/hu\/wp-json\/wp\/v2\/media?parent=14470"}],"wp:term":[{"taxonomy":"product_brand","embeddable":true,"href":"https:\/\/zbranebudai.sk\/hu\/wp-json\/wp\/v2\/product_brand?post=14470"},{"taxonomy":"product_cat","embeddable":true,"href":"https:\/\/zbranebudai.sk\/hu\/wp-json\/wp\/v2\/product_cat?post=14470"},{"taxonomy":"product_tag","embeddable":true,"href":"https:\/\/zbranebudai.sk\/hu\/wp-json\/wp\/v2\/product_tag?post=14470"}],"curies":[{"name":"wp","href":"https:\/\/api.w.org\/{rel}","templated":true}]}}