{"id":14461,"date":"2025-02-17T17:57:01","date_gmt":"2025-02-17T15:57:01","guid":{"rendered":"https:\/\/zbranebudai.sk\/product\/zasobnik-sako-s20-kal-243win-65cr-308win-10r-s\/"},"modified":"2026-04-09T02:12:02","modified_gmt":"2026-04-09T00:12:02","slug":"kopenytalca-s20-cal-243win-65cr-308win-10r-s","status":"publish","type":"product","link":"https:\/\/zbranebudai.sk\/hu\/product\/zasobnik-sako-s20-kal-243win-65cr-308win-10r-s\/","title":{"rendered":"T\u00f6lt\u00e9nyt\u00e1r Sako S20, cal. .243Win\/6,5CR\/.308Win, 10r S"},"content":{"rendered":"<p>Kapacit\u00e1s: 10 l\u00f6v\u00e9s\u00a0<\/p>","protected":false},"excerpt":{"rendered":"<p>Kapacit\u00e1s: 10 l\u00f6v\u00e9s\u00a0<\/p>","protected":false},"featured_media":9399,"template":"","meta":{"_gspb_post_css":""},"product_brand":[],"product_cat":[1821,1928,1822,1856,1820],"product_tag":[],"class_list":{"0":"post-14461","1":"product","2":"type-product","3":"status-publish","4":"has-post-thumbnail","6":"product_cat-gulovnice-zbrane-b-c","7":"product_cat-prislusenstvo-sako","8":"product_cat-sako","9":"product_cat-zasobniky","10":"product_cat-zbrane-b-c","12":"first","13":"instock","14":"taxable","15":"shipping-taxable","16":"purchasable","17":"product-type-simple"},"ct_brands":[],"_links":{"self":[{"href":"https:\/\/zbranebudai.sk\/hu\/wp-json\/wp\/v2\/product\/14461","targetHints":{"allow":["GET"]}}],"collection":[{"href":"https:\/\/zbranebudai.sk\/hu\/wp-json\/wp\/v2\/product"}],"about":[{"href":"https:\/\/zbranebudai.sk\/hu\/wp-json\/wp\/v2\/types\/product"}],"wp:featuredmedia":[{"embeddable":true,"href":"https:\/\/zbranebudai.sk\/hu\/wp-json\/wp\/v2\/media\/9399"}],"wp:attachment":[{"href":"https:\/\/zbranebudai.sk\/hu\/wp-json\/wp\/v2\/media?parent=14461"}],"wp:term":[{"taxonomy":"product_brand","embeddable":true,"href":"https:\/\/zbranebudai.sk\/hu\/wp-json\/wp\/v2\/product_brand?post=14461"},{"taxonomy":"product_cat","embeddable":true,"href":"https:\/\/zbranebudai.sk\/hu\/wp-json\/wp\/v2\/product_cat?post=14461"},{"taxonomy":"product_tag","embeddable":true,"href":"https:\/\/zbranebudai.sk\/hu\/wp-json\/wp\/v2\/product_tag?post=14461"}],"curies":[{"name":"wp","href":"https:\/\/api.w.org\/{rel}","templated":true}]}}