{"id":14451,"date":"2025-02-17T17:56:59","date_gmt":"2025-02-17T15:56:59","guid":{"rendered":"https:\/\/zbranebudai.sk\/product\/upevnovacie-skrutky-pazby-torx-na-tikka-t3t3x-sako-85-strieborne\/"},"modified":"2026-04-16T03:41:54","modified_gmt":"2026-04-16T01:41:54","slug":"torx-karmos-rogzito-csavarok-t3t3x-kopenyhez-85-ezust","status":"publish","type":"product","link":"https:\/\/zbranebudai.sk\/hu\/product\/upevnovacie-skrutky-pazby-torx-na-tikka-t3t3x-sako-85-strieborne\/","title":{"rendered":"Torx csavarok Tikka T3,T3x, Sako 85-\u00f6sh\u00f6z - ez\u00fcst"},"content":{"rendered":"","protected":false},"excerpt":{"rendered":"","protected":false},"featured_media":9379,"template":"","meta":{"_gspb_post_css":""},"product_brand":[],"product_cat":[1821,1875,1855,1854,1820],"product_tag":[],"class_list":{"0":"post-14451","1":"product","2":"type-product","3":"status-publish","4":"has-post-thumbnail","6":"product_cat-gulovnice-zbrane-b-c","7":"product_cat-pazby","8":"product_cat-prislusenstvo-tikka","9":"product_cat-tikka","10":"product_cat-zbrane-b-c","12":"first","13":"outofstock","14":"taxable","15":"shipping-taxable","16":"purchasable","17":"product-type-simple"},"ct_brands":[],"_links":{"self":[{"href":"https:\/\/zbranebudai.sk\/hu\/wp-json\/wp\/v2\/product\/14451","targetHints":{"allow":["GET"]}}],"collection":[{"href":"https:\/\/zbranebudai.sk\/hu\/wp-json\/wp\/v2\/product"}],"about":[{"href":"https:\/\/zbranebudai.sk\/hu\/wp-json\/wp\/v2\/types\/product"}],"wp:featuredmedia":[{"embeddable":true,"href":"https:\/\/zbranebudai.sk\/hu\/wp-json\/wp\/v2\/media\/9379"}],"wp:attachment":[{"href":"https:\/\/zbranebudai.sk\/hu\/wp-json\/wp\/v2\/media?parent=14451"}],"wp:term":[{"taxonomy":"product_brand","embeddable":true,"href":"https:\/\/zbranebudai.sk\/hu\/wp-json\/wp\/v2\/product_brand?post=14451"},{"taxonomy":"product_cat","embeddable":true,"href":"https:\/\/zbranebudai.sk\/hu\/wp-json\/wp\/v2\/product_cat?post=14451"},{"taxonomy":"product_tag","embeddable":true,"href":"https:\/\/zbranebudai.sk\/hu\/wp-json\/wp\/v2\/product_tag?post=14451"}],"curies":[{"name":"wp","href":"https:\/\/api.w.org\/{rel}","templated":true}]}}