{"id":14448,"date":"2025-02-17T17:56:59","date_gmt":"2025-02-17T15:56:59","guid":{"rendered":"https:\/\/zbranebudai.sk\/product\/cielnik-hammerli-hf-750-combo\/"},"modified":"2026-04-16T04:30:05","modified_gmt":"2026-04-16T02:30:05","slug":"hammerli-hf-750-combo","status":"publish","type":"product","link":"https:\/\/zbranebudai.sk\/hu\/product\/cielnik-hammerli-hf-750-combo\/","title":{"rendered":"H\u00e4mmerli HF 750 Combo"},"content":{"rendered":"","protected":false},"excerpt":{"rendered":"<p>Tartalmazza a c\u00e9lz\u00f3t \u00e9s a magass\u00e1g\u00e1ll\u00edt\u00f3 kereket<\/p>","protected":false},"featured_media":9373,"template":"","meta":{"_gspb_post_css":""},"product_brand":[],"product_cat":[1840,1839,1834,1824],"product_tag":[],"class_list":{"0":"post-14448","1":"product","2":"type-product","3":"status-publish","4":"has-post-thumbnail","6":"product_cat-nahradne-diely","7":"product_cat-prislusenstvo-a-nd","8":"product_cat-vzduchovky","9":"product_cat-zbrane-18-d","11":"first","12":"outofstock","13":"taxable","14":"shipping-taxable","15":"purchasable","16":"product-type-simple"},"ct_brands":[],"_links":{"self":[{"href":"https:\/\/zbranebudai.sk\/hu\/wp-json\/wp\/v2\/product\/14448","targetHints":{"allow":["GET"]}}],"collection":[{"href":"https:\/\/zbranebudai.sk\/hu\/wp-json\/wp\/v2\/product"}],"about":[{"href":"https:\/\/zbranebudai.sk\/hu\/wp-json\/wp\/v2\/types\/product"}],"wp:featuredmedia":[{"embeddable":true,"href":"https:\/\/zbranebudai.sk\/hu\/wp-json\/wp\/v2\/media\/9373"}],"wp:attachment":[{"href":"https:\/\/zbranebudai.sk\/hu\/wp-json\/wp\/v2\/media?parent=14448"}],"wp:term":[{"taxonomy":"product_brand","embeddable":true,"href":"https:\/\/zbranebudai.sk\/hu\/wp-json\/wp\/v2\/product_brand?post=14448"},{"taxonomy":"product_cat","embeddable":true,"href":"https:\/\/zbranebudai.sk\/hu\/wp-json\/wp\/v2\/product_cat?post=14448"},{"taxonomy":"product_tag","embeddable":true,"href":"https:\/\/zbranebudai.sk\/hu\/wp-json\/wp\/v2\/product_tag?post=14448"}],"curies":[{"name":"wp","href":"https:\/\/api.w.org\/{rel}","templated":true}]}}