{"id":14441,"date":"2025-02-17T17:56:58","date_gmt":"2025-02-17T15:56:58","guid":{"rendered":"https:\/\/zbranebudai.sk\/product\/ruger-max-9-3500-kal-9mm-luger\/"},"modified":"2026-04-16T04:21:54","modified_gmt":"2026-04-16T02:21:54","slug":"ruger-max-9-3500-kaliber-9mm-luger","status":"publish","type":"product","link":"https:\/\/zbranebudai.sk\/hu\/product\/ruger-max-9-3500-kal-9mm-luger\/","title":{"rendered":"Ruger MAX-9 3500, kal. 9mm Luger"},"content":{"rendered":"<p>Kompatibilis a kollim\u00e1torokkal: Holosun 507k \u00e9s 407k, Swampfox Sentinel, Crimson Trace 1500 Series, Sightmark Mini-Shot A-Spec M3, Hex Wasp, Sig Romeo-0, Jpoint MRD micro red dot sights.<\/p>\n<p>PARAM\u00c9TEREK:<\/p>\n<p>K\u00fcls\u0151 k\u00e9zi biztos\u00edt\u00e9k: Igen<br \/>\nEl\u0151k\u00e9sz\u00edt\u00e9s kollim\u00e1torhoz: igen (kollim\u00e1tor nem tartoz\u00e9k)<br \/>\nT\u00e1rkapacit\u00e1s: 12 t\u00f6lt\u00e9ny<br \/>\nA hornyok sz\u00e1ma: 6<br \/>\nA cs\u0151 furat\u00e1nak oszt\u00e1sa: 1:10<br \/>\nTeljes hossz: 152 mm<br \/>\nCs\u0151hossz: 81,3 mm<br \/>\nSz\u00e9less\u00e9g: 26,4 mm<br \/>\nMagass\u00e1g: 115 mm<br \/>\nS\u00faly: 522 g<\/p>\n<p>CSOMAG TARTALMA:<\/p>\n<p>Pisztoly: 1 db<br \/>\nT\u00e1lca: 2 db<br \/>\nKiterjesztett t\u00e1lca alja: 1 db<\/p>","protected":false},"excerpt":{"rendered":"<p>Ruger MAX-9 3500, mikro-kompakt, polimer v\u00e1zzal, 12 t\u00e1rral \u00e9s kollim\u00e1torral. A Shield Sights \u00e9s a JPoint kollim\u00e1torok k\u00f6zvetlen\u00fcl a cs\u00faszd\u00e1ra szerelhet\u0151ek, r\u00f6gz\u00edt\u0151lemez n\u00e9lk\u00fcl. K\u00fcls\u0151 k\u00e9zi biztos\u00edt\u00f3val ell\u00e1tott v\u00e1ltozat. A c\u00e9lt\u00e1vcs\u0151 \u00e9s az ablakt\u00e1bla oldalir\u00e1nyban \u00e1ll\u00edthat\u00f3, ac\u00e9lb\u00f3l k\u00e9sz\u00fclt. A l\u00e9c z\u00f6ld f\u00e9nyt vezet\u0151 \u00fcvegsz\u00e1llal van ell\u00e1tva. A Ruger MAX-9 3500 ravaszbiztos\u00edt\u00e1ssal, els\u00fct\u0151szegbiztos\u00edt\u00e1ssal \u00e9s t\u00f6lt\u00f6tt t\u00e1rjelz\u0151vel rendelkezik. A t\u00e1rkiold\u00f3 a balkezes haszn\u00e1lathoz jobb oldalra forgathat\u00f3. A pisztolyhoz k\u00e9t e-nikkel teflon\u00ae bevonat\u00fa t\u00e1rat \u00e9s egy meghosszabb\u00edtott alj\u00fa t\u00e1rat mell\u00e9kelnek, amely a jobb fog\u00e1s \u00e9rdek\u00e9ben a t\u00e1rhoz adhat\u00f3. A k\u00f6nny\u0171 s\u00faly, a nagy kapacit\u00e1s \u00e9s a nagy megb\u00edzhat\u00f3s\u00e1g teszi a Ruger MAX-9 3500 pisztolyt kiv\u00e1l\u00f3 rejtett visel\u00e9s\u0171 k\u00e9zifegyverr\u00e9.<\/p>","protected":false},"featured_media":9357,"template":"","meta":{"_gspb_post_css":""},"product_brand":[],"product_cat":[2057,1864,1877,1820],"product_tag":[],"class_list":{"0":"post-14441","1":"product","2":"type-product","3":"status-publish","4":"has-post-thumbnail","6":"product_cat-max-9","7":"product_cat-pistole-zbrane-b-c","8":"product_cat-ruger-pistole-zbrane-b-c","9":"product_cat-zbrane-b-c","11":"first","12":"instock","13":"taxable","14":"shipping-taxable","15":"purchasable","16":"product-type-simple"},"ct_brands":[],"_links":{"self":[{"href":"https:\/\/zbranebudai.sk\/hu\/wp-json\/wp\/v2\/product\/14441","targetHints":{"allow":["GET"]}}],"collection":[{"href":"https:\/\/zbranebudai.sk\/hu\/wp-json\/wp\/v2\/product"}],"about":[{"href":"https:\/\/zbranebudai.sk\/hu\/wp-json\/wp\/v2\/types\/product"}],"wp:featuredmedia":[{"embeddable":true,"href":"https:\/\/zbranebudai.sk\/hu\/wp-json\/wp\/v2\/media\/9357"}],"wp:attachment":[{"href":"https:\/\/zbranebudai.sk\/hu\/wp-json\/wp\/v2\/media?parent=14441"}],"wp:term":[{"taxonomy":"product_brand","embeddable":true,"href":"https:\/\/zbranebudai.sk\/hu\/wp-json\/wp\/v2\/product_brand?post=14441"},{"taxonomy":"product_cat","embeddable":true,"href":"https:\/\/zbranebudai.sk\/hu\/wp-json\/wp\/v2\/product_cat?post=14441"},{"taxonomy":"product_tag","embeddable":true,"href":"https:\/\/zbranebudai.sk\/hu\/wp-json\/wp\/v2\/product_tag?post=14441"}],"curies":[{"name":"wp","href":"https:\/\/api.w.org\/{rel}","templated":true}]}}