{"id":14438,"date":"2025-02-17T17:56:58","date_gmt":"2025-02-17T15:56:58","guid":{"rendered":"https:\/\/zbranebudai.sk\/product\/dvojnozka-walther-tmb-ii\/"},"modified":"2026-04-16T06:00:00","modified_gmt":"2026-04-16T04:00:00","slug":"walther-tmb-ii-ketlabu-allvany","status":"publish","type":"product","link":"https:\/\/zbranebudai.sk\/hu\/product\/dvojnozka-walther-tmb-ii\/","title":{"rendered":"Walther TMB II k\u00e9tl\u00e1b\u00fa \u00e1llv\u00e1ny"},"content":{"rendered":"<p>PARAM\u00c9TEREK:<\/p>\n<p>Anyag: f\u00e9m<br \/>\nM\u00e9retek \u00f6sszehajtva: 80 x 165 x 60 mm<br \/>\n\u00c1ll\u00edthat\u00f3 magass\u00e1g: 185 - 255 mm<br \/>\nS\u00faly: 0,28 kg<\/p>","protected":false},"excerpt":{"rendered":"<p>WALTHER Bipod TMB II \u00f6sszecsukhat\u00f3 bipod fokozatmentesen \u00e1ll\u00edthat\u00f3 magass\u00e1ggal \u00e9s k\u00e9t oldals\u00f3 pikatinny s\u00ednnel a tartoz\u00e9kok r\u00f6gz\u00edt\u00e9s\u00e9hez. Picatinny s\u00ednre t\u00f6rt\u00e9n\u0151 r\u00f6gz\u00edt\u00e9s (21 mm, illetve 22 mm).<\/p>","protected":false},"featured_media":9325,"template":"","meta":{"_gspb_post_css":""},"product_brand":[],"product_cat":[1905,1839,1834,1824],"product_tag":[],"class_list":{"0":"post-14438","1":"product","2":"type-product","3":"status-publish","4":"has-post-thumbnail","6":"product_cat-prislusenstvo-prislusenstvo-a-nd","7":"product_cat-prislusenstvo-a-nd","8":"product_cat-vzduchovky","9":"product_cat-zbrane-18-d","11":"first","12":"outofstock","13":"taxable","14":"shipping-taxable","15":"purchasable","16":"product-type-simple"},"ct_brands":[],"_links":{"self":[{"href":"https:\/\/zbranebudai.sk\/hu\/wp-json\/wp\/v2\/product\/14438","targetHints":{"allow":["GET"]}}],"collection":[{"href":"https:\/\/zbranebudai.sk\/hu\/wp-json\/wp\/v2\/product"}],"about":[{"href":"https:\/\/zbranebudai.sk\/hu\/wp-json\/wp\/v2\/types\/product"}],"wp:featuredmedia":[{"embeddable":true,"href":"https:\/\/zbranebudai.sk\/hu\/wp-json\/wp\/v2\/media\/9325"}],"wp:attachment":[{"href":"https:\/\/zbranebudai.sk\/hu\/wp-json\/wp\/v2\/media?parent=14438"}],"wp:term":[{"taxonomy":"product_brand","embeddable":true,"href":"https:\/\/zbranebudai.sk\/hu\/wp-json\/wp\/v2\/product_brand?post=14438"},{"taxonomy":"product_cat","embeddable":true,"href":"https:\/\/zbranebudai.sk\/hu\/wp-json\/wp\/v2\/product_cat?post=14438"},{"taxonomy":"product_tag","embeddable":true,"href":"https:\/\/zbranebudai.sk\/hu\/wp-json\/wp\/v2\/product_tag?post=14438"}],"curies":[{"name":"wp","href":"https:\/\/api.w.org\/{rel}","templated":true}]}}