{"id":14435,"date":"2025-02-17T17:56:58","date_gmt":"2025-02-17T15:56:58","guid":{"rendered":"https:\/\/zbranebudai.sk\/product\/termohrncek-tikka-03-l-nerezovy\/"},"modified":"2026-04-23T07:12:17","modified_gmt":"2026-04-23T05:12:17","slug":"rozsdamentes-acel-termo-bogre-tikka-03-l","status":"publish","type":"product","link":"https:\/\/zbranebudai.sk\/hu\/product\/termohrncek-tikka-03-l-nerezovy\/","title":{"rendered":"TIKKA 0,3 l rozsdamentes ac\u00e9l termo b\u00f6gre"},"content":{"rendered":"","protected":false},"excerpt":{"rendered":"<p>Kompakt, rozsdamentes ac\u00e9l termosz 0,3 literes \u0171rtartalommal a Tikka c\u00e9gt\u0151l. A termosz praktikusan nyithat\u00f3 fed\u00e9llel rendelkezik, amely z\u00e1rhat\u00f3, hogy megakad\u00e1lyozza a nem k\u00edv\u00e1nt kinyit\u00e1st, ha h\u00e1tizs\u00e1kban hordja. A rozsdamentes ac\u00e9lb\u00f3l k\u00e9sz\u00fclt kivitelez\u00e9s \u00e9s a tart\u00f3s konstrukci\u00f3 kiv\u00e1l\u00f3an alkalmas utaz\u00e1shoz.<\/p>","protected":false},"featured_media":9319,"template":"","meta":{"_gspb_post_css":""},"product_brand":[],"product_cat":[1879,1821,1855,1854,1820],"product_tag":[],"class_list":{"0":"post-14435","1":"product","2":"type-product","3":"status-publish","4":"has-post-thumbnail","6":"product_cat-doplnky","7":"product_cat-gulovnice-zbrane-b-c","8":"product_cat-prislusenstvo-tikka","9":"product_cat-tikka","10":"product_cat-zbrane-b-c","12":"first","13":"outofstock","14":"taxable","15":"shipping-taxable","16":"purchasable","17":"product-type-simple"},"ct_brands":[],"_links":{"self":[{"href":"https:\/\/zbranebudai.sk\/hu\/wp-json\/wp\/v2\/product\/14435","targetHints":{"allow":["GET"]}}],"collection":[{"href":"https:\/\/zbranebudai.sk\/hu\/wp-json\/wp\/v2\/product"}],"about":[{"href":"https:\/\/zbranebudai.sk\/hu\/wp-json\/wp\/v2\/types\/product"}],"wp:featuredmedia":[{"embeddable":true,"href":"https:\/\/zbranebudai.sk\/hu\/wp-json\/wp\/v2\/media\/9319"}],"wp:attachment":[{"href":"https:\/\/zbranebudai.sk\/hu\/wp-json\/wp\/v2\/media?parent=14435"}],"wp:term":[{"taxonomy":"product_brand","embeddable":true,"href":"https:\/\/zbranebudai.sk\/hu\/wp-json\/wp\/v2\/product_brand?post=14435"},{"taxonomy":"product_cat","embeddable":true,"href":"https:\/\/zbranebudai.sk\/hu\/wp-json\/wp\/v2\/product_cat?post=14435"},{"taxonomy":"product_tag","embeddable":true,"href":"https:\/\/zbranebudai.sk\/hu\/wp-json\/wp\/v2\/product_tag?post=14435"}],"curies":[{"name":"wp","href":"https:\/\/api.w.org\/{rel}","templated":true}]}}