{"id":14433,"date":"2025-02-17T17:56:58","date_gmt":"2025-02-17T15:56:58","guid":{"rendered":"https:\/\/zbranebudai.sk\/product\/pruzina-udernika-pre-spielberg-brno-200f-cierny\/"},"modified":"2026-04-23T07:13:19","modified_gmt":"2026-04-23T05:13:19","slug":"utkozopersely-spielberg-brno-200f-fekete-szinhez","status":"publish","type":"product","link":"https:\/\/zbranebudai.sk\/hu\/product\/pruzina-udernika-pre-spielberg-brno-200f-cierny\/","title":{"rendered":"\u00dct\u0151szeg rug\u00f3 Spielberg Brno 200F fekete sz\u00ednhez"},"content":{"rendered":"","protected":false},"excerpt":{"rendered":"<p>Hossz: 50 mm<\/p>","protected":false},"featured_media":9315,"template":"","meta":{"_gspb_post_css":""},"product_brand":[],"product_cat":[1880,2011,1881,1824],"product_tag":[],"class_list":{"0":"post-14433","1":"product","2":"type-product","3":"status-publish","4":"has-post-thumbnail","6":"product_cat-flobertky","7":"product_cat-prislusenstvo-spielberg-brno","8":"product_cat-spielberg-brno","9":"product_cat-zbrane-18-d","11":"first","12":"outofstock","13":"taxable","14":"shipping-taxable","15":"purchasable","16":"product-type-simple"},"ct_brands":[],"_links":{"self":[{"href":"https:\/\/zbranebudai.sk\/hu\/wp-json\/wp\/v2\/product\/14433","targetHints":{"allow":["GET"]}}],"collection":[{"href":"https:\/\/zbranebudai.sk\/hu\/wp-json\/wp\/v2\/product"}],"about":[{"href":"https:\/\/zbranebudai.sk\/hu\/wp-json\/wp\/v2\/types\/product"}],"wp:featuredmedia":[{"embeddable":true,"href":"https:\/\/zbranebudai.sk\/hu\/wp-json\/wp\/v2\/media\/9315"}],"wp:attachment":[{"href":"https:\/\/zbranebudai.sk\/hu\/wp-json\/wp\/v2\/media?parent=14433"}],"wp:term":[{"taxonomy":"product_brand","embeddable":true,"href":"https:\/\/zbranebudai.sk\/hu\/wp-json\/wp\/v2\/product_brand?post=14433"},{"taxonomy":"product_cat","embeddable":true,"href":"https:\/\/zbranebudai.sk\/hu\/wp-json\/wp\/v2\/product_cat?post=14433"},{"taxonomy":"product_tag","embeddable":true,"href":"https:\/\/zbranebudai.sk\/hu\/wp-json\/wp\/v2\/product_tag?post=14433"}],"curies":[{"name":"wp","href":"https:\/\/api.w.org\/{rel}","templated":true}]}}