{"id":14430,"date":"2025-02-17T17:56:57","date_gmt":"2025-02-17T15:56:57","guid":{"rendered":"https:\/\/zbranebudai.sk\/product\/ruger-american-rifle-ranch-26968-kal-300blk\/"},"modified":"2026-05-07T13:30:23","modified_gmt":"2026-05-07T11:30:23","slug":"ruger-amerikai-puska-ranch-26968-cal-300blk","status":"publish","type":"product","link":"https:\/\/zbranebudai.sk\/hu\/product\/ruger-american-rifle-ranch-26968-kal-300blk\/","title":{"rendered":"Ruger American Rifle Ranch 26968, cal. .300BLK"},"content":{"rendered":"<p>PARAM\u00c9TEREK:<\/p>\n<p>Cs\u0151 hossza: 40.9cm (16.12in)<br \/>\nTeljes hossz: 91,4 cm<br \/>\nA tart\u00e1ly kapacit\u00e1sa: 10\u00a0<br \/>\nA cs\u0151 furat\u00e1nak oszt\u00e1sa: 1:7<br \/>\nPicatinny s\u00edn: igen<br \/>\nAnyag: ac\u00e9l<br \/>\n\u00cdg\u00e9ret: Szintetikus<br \/>\nS\u00faly: 3,1 kg<\/p>","protected":false},"excerpt":{"rendered":"<p>A Ruger American Rifle\u00ae egy k\u00f6nny\u0171, k\u00f6nnyen kezelhet\u0151 \u00e9s pontos puska, amely innovat\u00edv kialak\u00edt\u00e1s\u00fa, modern anyagok felhaszn\u00e1l\u00e1s\u00e1val k\u00e9sz\u00fclt, \u00e9s amelyet zord id\u0151j\u00e1r\u00e1si k\u00f6r\u00fclm\u00e9nyek k\u00f6z\u00f6tti haszn\u00e1latra terveztek. A kompakt, menetes cs\u0151 hidegen kov\u00e1csolt, ami kiv\u00e9teles pontoss\u00e1got \u00e9s tart\u00f3ss\u00e1got eredm\u00e9nyez. Az ergonomikus \u00e9s k\u00f6nny\u0171, puha fen\u00e9kt\u00e1masszal ell\u00e1tott, m\u0171anyagb\u00f3l k\u00e9sz\u00fclt l\u00f6v\u00e9sz\u00e1rpa a klasszikus kialak\u00edt\u00e1st modern form\u00e1j\u00fa markolattal \u00e9s a markolatpontokn\u00e1l l\u00e9v\u0151 fogaz\u00e1sokkal \u00f6tv\u00f6zi. A fegyver k\u00e9zi \u00e9s ravaszbiztos\u00edt\u00e1ssal rendelkezik. A cs\u00faszka 70\u00b0-os sz\u00f6gben kifordul \u00e9s 3 fogaz\u00e1ssal rendelkezik. A ravasz ellen\u00e1ll\u00e1sa 1,36 \u00e9s 2,27 kg (3 \u00e9s 5 font) k\u00f6z\u00f6tt \u00e1ll\u00edthat\u00f3. A Ruger\u00ae hibrid ravaszh\u00faz\u00f3f\u00e9k tartoz\u00e9k. A fenti modell megtal\u00e1lhat\u00f3 Milat \u00far \u00fczlet\u00e9ben Nov\u00e9 M\u011bsto n. Vahomban.<\/p>","protected":false},"featured_media":9309,"template":"","meta":{"_gspb_post_css":""},"product_brand":[],"product_cat":[1821,2229,1837,1873,1820],"product_tag":[],"class_list":{"0":"post-14430","1":"product","2":"type-product","3":"status-publish","4":"has-post-thumbnail","6":"product_cat-gulovnice-zbrane-b-c","7":"product_cat-ranch-ruger-american-rifle","8":"product_cat-ruger","9":"product_cat-ruger-american-rifle","10":"product_cat-zbrane-b-c","12":"first","13":"instock","14":"taxable","15":"shipping-taxable","16":"purchasable","17":"product-type-simple"},"ct_brands":[],"_links":{"self":[{"href":"https:\/\/zbranebudai.sk\/hu\/wp-json\/wp\/v2\/product\/14430","targetHints":{"allow":["GET"]}}],"collection":[{"href":"https:\/\/zbranebudai.sk\/hu\/wp-json\/wp\/v2\/product"}],"about":[{"href":"https:\/\/zbranebudai.sk\/hu\/wp-json\/wp\/v2\/types\/product"}],"wp:featuredmedia":[{"embeddable":true,"href":"https:\/\/zbranebudai.sk\/hu\/wp-json\/wp\/v2\/media\/9309"}],"wp:attachment":[{"href":"https:\/\/zbranebudai.sk\/hu\/wp-json\/wp\/v2\/media?parent=14430"}],"wp:term":[{"taxonomy":"product_brand","embeddable":true,"href":"https:\/\/zbranebudai.sk\/hu\/wp-json\/wp\/v2\/product_brand?post=14430"},{"taxonomy":"product_cat","embeddable":true,"href":"https:\/\/zbranebudai.sk\/hu\/wp-json\/wp\/v2\/product_cat?post=14430"},{"taxonomy":"product_tag","embeddable":true,"href":"https:\/\/zbranebudai.sk\/hu\/wp-json\/wp\/v2\/product_tag?post=14430"}],"curies":[{"name":"wp","href":"https:\/\/api.w.org\/{rel}","templated":true}]}}