{"id":14429,"date":"2025-02-17T17:56:56","date_gmt":"2025-02-17T15:56:56","guid":{"rendered":"https:\/\/zbranebudai.sk\/product\/tikka-t3x-varmint-kal-223rem-ns-6rd-23-7in\/"},"modified":"2026-04-16T04:28:55","modified_gmt":"2026-04-16T02:28:55","slug":"tikka-t3x-varmint-kal-223rem-ns-6rd-23-7in","status":"publish","type":"product","link":"https:\/\/zbranebudai.sk\/hu\/product\/tikka-t3x-varmint-kal-223rem-ns-6rd-23-7in\/","title":{"rendered":"Tikka T3x Varmint, cal. .223Rem. (NS 6rd 23.7in)"},"content":{"rendered":"<p>PARAM\u00c9TEREK:<\/p>\n<p>Cs\u0151hossz: 602 mm (23.7 in)<br \/>\nTeljes hossz: 1116 mm<br \/>\nT\u00e1lcakapacit\u00e1s: 6<br \/>\nA cs\u0151 furat\u00e1nak oszt\u00e1sa: 1:8<br \/>\nPicatinny s\u00edn: nem<br \/>\nAnyag: feket\u00e9re festett ac\u00e9l<br \/>\nS\u00faly: 3,9 kg<\/p>","protected":false},"excerpt":{"rendered":"<p>A Tikka T3x Varmint a megfelel\u0151 eszk\u00f6z a t\u00e1vols\u00e1gi vad\u00e1szathoz. A szabadon lebeg\u0151 neh\u00e9z cs\u0151 hat\u00e9konyan kik\u00fcsz\u00f6b\u00f6li a vibr\u00e1ci\u00f3t, \u00e9s m\u00e9g a gyors l\u00f6v\u00e9ssorozat mellett sem melegszik t\u00fal. A szintetikus sz\u00e1r extra sz\u00e9les el\u0151markolattal rendelkezik a biztos tart\u00e1s \u00e9rdek\u00e9ben, \u00e9s a szemlyuk seg\u00edts\u00e9g\u00e9vel bipodot vagy hevedert r\u00f6gz\u00edthet. Az ergonomikusan kialak\u00edtott, nagy t\u00e1vcs\u0151vel ell\u00e1tott orrpofa k\u00e9nyelmet biztos\u00edt a c\u00e9lz\u00e1s sor\u00e1n. F\u00fcgg\u0151leges pisztolymarkolattal rendelkezik, amely jobban megfelel a fekv\u0151 helyzetben t\u00f6rt\u00e9n\u0151 l\u00f6v\u00e9shez.<\/p>","protected":false},"featured_media":9303,"template":"","meta":{"_gspb_post_css":""},"product_brand":[],"product_cat":[1821,1958,1854,1861,1820],"product_tag":[],"class_list":{"0":"post-14429","1":"product","2":"type-product","3":"status-publish","4":"has-post-thumbnail","6":"product_cat-gulovnice-zbrane-b-c","7":"product_cat-t3x-varmint","8":"product_cat-tikka","9":"product_cat-tikka-t3x","10":"product_cat-zbrane-b-c","12":"first","13":"instock","14":"taxable","15":"shipping-taxable","16":"purchasable","17":"product-type-simple"},"ct_brands":[],"_links":{"self":[{"href":"https:\/\/zbranebudai.sk\/hu\/wp-json\/wp\/v2\/product\/14429","targetHints":{"allow":["GET"]}}],"collection":[{"href":"https:\/\/zbranebudai.sk\/hu\/wp-json\/wp\/v2\/product"}],"about":[{"href":"https:\/\/zbranebudai.sk\/hu\/wp-json\/wp\/v2\/types\/product"}],"wp:featuredmedia":[{"embeddable":true,"href":"https:\/\/zbranebudai.sk\/hu\/wp-json\/wp\/v2\/media\/9303"}],"wp:attachment":[{"href":"https:\/\/zbranebudai.sk\/hu\/wp-json\/wp\/v2\/media?parent=14429"}],"wp:term":[{"taxonomy":"product_brand","embeddable":true,"href":"https:\/\/zbranebudai.sk\/hu\/wp-json\/wp\/v2\/product_brand?post=14429"},{"taxonomy":"product_cat","embeddable":true,"href":"https:\/\/zbranebudai.sk\/hu\/wp-json\/wp\/v2\/product_cat?post=14429"},{"taxonomy":"product_tag","embeddable":true,"href":"https:\/\/zbranebudai.sk\/hu\/wp-json\/wp\/v2\/product_tag?post=14429"}],"curies":[{"name":"wp","href":"https:\/\/api.w.org\/{rel}","templated":true}]}}