{"id":14427,"date":"2025-02-17T17:56:56","date_gmt":"2025-02-17T15:56:56","guid":{"rendered":"https:\/\/zbranebudai.sk\/product\/zasobnik-jmx-1-90076-pre-ruger-american-rimfire-kal-22wmr-17hmr\/"},"modified":"2026-05-07T12:57:23","modified_gmt":"2026-05-07T10:57:23","slug":"jmx-1-90076-ruger-american-rimfire-cal-22wmr-17hmr-szamara","status":"publish","type":"product","link":"https:\/\/zbranebudai.sk\/hu\/product\/zasobnik-jmx-1-90076-pre-ruger-american-rimfire-kal-22wmr-17hmr\/","title":{"rendered":"JMX-1 (90076) t\u00e1r Ruger American Rimfire, cal. .22WMR\/.17HMR"},"content":{"rendered":"","protected":false},"excerpt":{"rendered":"<p>9 t\u00f6lt\u00e9nyes t\u00e1r.<\/p>","protected":false},"featured_media":9297,"template":"","meta":{"_gspb_post_css":""},"product_brand":[],"product_cat":[1864,1898,1877,1820],"product_tag":[],"class_list":{"0":"post-14427","1":"product","2":"type-product","3":"status-publish","4":"has-post-thumbnail","6":"product_cat-pistole-zbrane-b-c","7":"product_cat-prislusenstvo-ruger-ruger-pistole-zbrane-b-c","8":"product_cat-ruger-pistole-zbrane-b-c","9":"product_cat-zbrane-b-c","11":"first","12":"instock","13":"taxable","14":"shipping-taxable","15":"purchasable","16":"product-type-simple"},"ct_brands":[],"_links":{"self":[{"href":"https:\/\/zbranebudai.sk\/hu\/wp-json\/wp\/v2\/product\/14427","targetHints":{"allow":["GET"]}}],"collection":[{"href":"https:\/\/zbranebudai.sk\/hu\/wp-json\/wp\/v2\/product"}],"about":[{"href":"https:\/\/zbranebudai.sk\/hu\/wp-json\/wp\/v2\/types\/product"}],"wp:featuredmedia":[{"embeddable":true,"href":"https:\/\/zbranebudai.sk\/hu\/wp-json\/wp\/v2\/media\/9297"}],"wp:attachment":[{"href":"https:\/\/zbranebudai.sk\/hu\/wp-json\/wp\/v2\/media?parent=14427"}],"wp:term":[{"taxonomy":"product_brand","embeddable":true,"href":"https:\/\/zbranebudai.sk\/hu\/wp-json\/wp\/v2\/product_brand?post=14427"},{"taxonomy":"product_cat","embeddable":true,"href":"https:\/\/zbranebudai.sk\/hu\/wp-json\/wp\/v2\/product_cat?post=14427"},{"taxonomy":"product_tag","embeddable":true,"href":"https:\/\/zbranebudai.sk\/hu\/wp-json\/wp\/v2\/product_tag?post=14427"}],"curies":[{"name":"wp","href":"https:\/\/api.w.org\/{rel}","templated":true}]}}