{"id":14425,"date":"2025-02-17T17:56:55","date_gmt":"2025-02-17T15:56:55","guid":{"rendered":"https:\/\/zbranebudai.sk\/product\/tikka-t3x-lite-veil-alpine-kal-30-06spr-ss-fl-3rd-mb-h256-20in-mt5-8-24\/"},"modified":"2026-04-23T08:01:16","modified_gmt":"2026-04-23T06:01:16","slug":"tikka-t3x-lite-fatyol-alpine-kal-30-06spr-ss-fl-3-mb-h256-20in-mt5-8-24","status":"publish","type":"product","link":"https:\/\/zbranebudai.sk\/hu\/product\/tikka-t3x-lite-veil-alpine-kal-30-06spr-ss-fl-3rd-mb-h256-20in-mt5-8-24\/","title":{"rendered":"Tikka T3x Lite Veil Alpine, cal. .30-06Spr. (SS FL 3rd MB H256 20in MT5\/8-24)"},"content":{"rendered":"<p>PARAM\u00c9TEREK:<\/p>\n<p>Cs\u0151hossz: 508 mm (20 in)<br \/>\nTeljes hossz: 1022 mm<br \/>\nT\u00e1lcakapacit\u00e1s: 3<br \/>\nCs\u0151oszt\u00e1s: 1:11<br \/>\nPicatinny s\u00edn: Nem<br \/>\n\u00cdg\u00e9ret: Szintetikus<br \/>\nA hord\u00f3: CERAKOTE DESERT VERDE<br \/>\nS\u00faly: 3,0 kg<\/p>","protected":false},"excerpt":{"rendered":"<p>A 2022-es \u00e9v \u00fajdons\u00e1ga, a T3x Lite Veil Alpine t\u00f6k\u00e9letes t\u00e1rs az eg\u00e9sz napos erdei vad\u00e1szatokhoz, ahol k\u00fcl\u00f6n\u00f6sen \u00e9rt\u00e9kelni fogja a k\u00f6nny\u0171 s\u00falyt. Az egyedi CERAKOTE DESERT VERDE bevonattal ell\u00e1tott csatorn\u00e1zott cs\u0151 fokozza az id\u0151j\u00e1r\u00e1s\u00e1ll\u00f3s\u00e1got, \u00e9s a VEIL ALPINE CAMO sz\u00e1rral, valamint a z\u00e1r egyedi form\u00e1j\u00e1val egy\u00fctt eredeti diz\u00e1jndarabot alkot. Tartalmaz egy torkolatf\u00e9ket a visszar\u00fag\u00e1s cs\u00f6kkent\u00e9se \u00e9rdek\u00e9ben.<\/p>","protected":false},"featured_media":9293,"template":"","meta":{"_gspb_post_css":""},"product_brand":[],"product_cat":[1821,1955,2037,1854,1861,1820],"product_tag":[],"class_list":{"0":"post-14425","1":"product","2":"type-product","3":"status-publish","4":"has-post-thumbnail","6":"product_cat-gulovnice-zbrane-b-c","7":"product_cat-t3x-lite-series","8":"product_cat-t3x-lite-veil","9":"product_cat-tikka","10":"product_cat-tikka-t3x","11":"product_cat-zbrane-b-c","13":"first","14":"outofstock","15":"taxable","16":"shipping-taxable","17":"purchasable","18":"product-type-simple"},"ct_brands":[],"_links":{"self":[{"href":"https:\/\/zbranebudai.sk\/hu\/wp-json\/wp\/v2\/product\/14425","targetHints":{"allow":["GET"]}}],"collection":[{"href":"https:\/\/zbranebudai.sk\/hu\/wp-json\/wp\/v2\/product"}],"about":[{"href":"https:\/\/zbranebudai.sk\/hu\/wp-json\/wp\/v2\/types\/product"}],"wp:featuredmedia":[{"embeddable":true,"href":"https:\/\/zbranebudai.sk\/hu\/wp-json\/wp\/v2\/media\/9293"}],"wp:attachment":[{"href":"https:\/\/zbranebudai.sk\/hu\/wp-json\/wp\/v2\/media?parent=14425"}],"wp:term":[{"taxonomy":"product_brand","embeddable":true,"href":"https:\/\/zbranebudai.sk\/hu\/wp-json\/wp\/v2\/product_brand?post=14425"},{"taxonomy":"product_cat","embeddable":true,"href":"https:\/\/zbranebudai.sk\/hu\/wp-json\/wp\/v2\/product_cat?post=14425"},{"taxonomy":"product_tag","embeddable":true,"href":"https:\/\/zbranebudai.sk\/hu\/wp-json\/wp\/v2\/product_tag?post=14425"}],"curies":[{"name":"wp","href":"https:\/\/api.w.org\/{rel}","templated":true}]}}