{"id":14417,"date":"2025-02-17T17:56:55","date_gmt":"2025-02-17T15:56:55","guid":{"rendered":"https:\/\/zbranebudai.sk\/product\/ustova-brzda-90590-pre-ruger-precision-rifle-kal-308win\/"},"modified":"2026-04-30T09:57:17","modified_gmt":"2026-04-30T07:57:17","slug":"90590-torkolatfek-ruger-precizios-puskahoz-cal-308win","status":"publish","type":"product","link":"https:\/\/zbranebudai.sk\/hu\/product\/ustova-brzda-90590-pre-ruger-precision-rifle-kal-308win\/","title":{"rendered":"\u00dct\u0151f\u00e9k (90590) Ruger Precision Rifle cal. .308Win"},"content":{"rendered":"","protected":false},"excerpt":{"rendered":"<p>Ruger Precision modellekhez .308Win, 6.5 Creedmoor \u00e9s .243Win kaliberekhez, Ruger Amrican Predator cal. 6.5 Credmoor<\/p>","protected":false},"featured_media":9271,"template":"","meta":{"_gspb_post_css":""},"product_brand":[],"product_cat":[1821,1838,1837,1820],"product_tag":[],"class_list":{"0":"post-14417","1":"product","2":"type-product","3":"status-publish","4":"has-post-thumbnail","6":"product_cat-gulovnice-zbrane-b-c","7":"product_cat-prislusenstvo-ruger","8":"product_cat-ruger","9":"product_cat-zbrane-b-c","11":"first","12":"outofstock","13":"taxable","14":"shipping-taxable","15":"purchasable","16":"product-type-simple"},"ct_brands":[],"_links":{"self":[{"href":"https:\/\/zbranebudai.sk\/hu\/wp-json\/wp\/v2\/product\/14417","targetHints":{"allow":["GET"]}}],"collection":[{"href":"https:\/\/zbranebudai.sk\/hu\/wp-json\/wp\/v2\/product"}],"about":[{"href":"https:\/\/zbranebudai.sk\/hu\/wp-json\/wp\/v2\/types\/product"}],"wp:featuredmedia":[{"embeddable":true,"href":"https:\/\/zbranebudai.sk\/hu\/wp-json\/wp\/v2\/media\/9271"}],"wp:attachment":[{"href":"https:\/\/zbranebudai.sk\/hu\/wp-json\/wp\/v2\/media?parent=14417"}],"wp:term":[{"taxonomy":"product_brand","embeddable":true,"href":"https:\/\/zbranebudai.sk\/hu\/wp-json\/wp\/v2\/product_brand?post=14417"},{"taxonomy":"product_cat","embeddable":true,"href":"https:\/\/zbranebudai.sk\/hu\/wp-json\/wp\/v2\/product_cat?post=14417"},{"taxonomy":"product_tag","embeddable":true,"href":"https:\/\/zbranebudai.sk\/hu\/wp-json\/wp\/v2\/product_tag?post=14417"}],"curies":[{"name":"wp","href":"https:\/\/api.w.org\/{rel}","templated":true}]}}