{"id":14402,"date":"2025-02-17T17:56:53","date_gmt":"2025-02-17T15:56:53","guid":{"rendered":"https:\/\/zbranebudai.sk\/product\/barricade-stop-pre-s20\/"},"modified":"2026-04-16T04:27:57","modified_gmt":"2026-04-16T02:27:57","slug":"barikad-megallo-az-s20-hoz","status":"publish","type":"product","link":"https:\/\/zbranebudai.sk\/hu\/product\/barricade-stop-pre-s20\/","title":{"rendered":"Barik\u00e1d meg\u00e1ll\u00f3 az S20-hoz"},"content":{"rendered":"","protected":false},"excerpt":{"rendered":"<p>S20 barik\u00e1d stop - t\u00f6bbc\u00e9l\u00fa stop, amelyet p\u00e9ld\u00e1ul a fegyver jobb al\u00e1t\u00e1maszt\u00e1s\u00e1ra haszn\u00e1lnak a pontoss\u00e1g n\u00f6vel\u00e9se vagy a t\u00fczel\u00e9si poz\u00edci\u00f3 jav\u00edt\u00e1sa \u00e9rdek\u00e9ben. Kompatibilis a SAKO S20 prec\u00edzi\u00f3s alkarral.<\/p>","protected":false},"featured_media":9223,"template":"","meta":{"_gspb_post_css":""},"product_brand":[],"product_cat":[1939,1821,1928,1822,1820],"product_tag":[],"class_list":{"0":"post-14402","1":"product","2":"type-product","3":"status-publish","4":"has-post-thumbnail","6":"product_cat-doplnky-prislusenstvo-sako","7":"product_cat-gulovnice-zbrane-b-c","8":"product_cat-prislusenstvo-sako","9":"product_cat-sako","10":"product_cat-zbrane-b-c","12":"first","13":"instock","14":"taxable","15":"shipping-taxable","16":"purchasable","17":"product-type-simple"},"ct_brands":[],"_links":{"self":[{"href":"https:\/\/zbranebudai.sk\/hu\/wp-json\/wp\/v2\/product\/14402","targetHints":{"allow":["GET"]}}],"collection":[{"href":"https:\/\/zbranebudai.sk\/hu\/wp-json\/wp\/v2\/product"}],"about":[{"href":"https:\/\/zbranebudai.sk\/hu\/wp-json\/wp\/v2\/types\/product"}],"wp:featuredmedia":[{"embeddable":true,"href":"https:\/\/zbranebudai.sk\/hu\/wp-json\/wp\/v2\/media\/9223"}],"wp:attachment":[{"href":"https:\/\/zbranebudai.sk\/hu\/wp-json\/wp\/v2\/media?parent=14402"}],"wp:term":[{"taxonomy":"product_brand","embeddable":true,"href":"https:\/\/zbranebudai.sk\/hu\/wp-json\/wp\/v2\/product_brand?post=14402"},{"taxonomy":"product_cat","embeddable":true,"href":"https:\/\/zbranebudai.sk\/hu\/wp-json\/wp\/v2\/product_cat?post=14402"},{"taxonomy":"product_tag","embeddable":true,"href":"https:\/\/zbranebudai.sk\/hu\/wp-json\/wp\/v2\/product_tag?post=14402"}],"curies":[{"name":"wp","href":"https:\/\/api.w.org\/{rel}","templated":true}]}}