{"id":14400,"date":"2025-02-17T17:56:53","date_gmt":"2025-02-17T15:56:53","guid":{"rendered":"https:\/\/zbranebudai.sk\/product\/siltovka-sako-defendr-black-s-m\/"},"modified":"2026-04-16T04:27:57","modified_gmt":"2026-04-16T02:27:57","slug":"defender-kabat-defender-fekete-s-m","status":"publish","type":"product","link":"https:\/\/zbranebudai.sk\/hu\/product\/siltovka-sako-defendr-black-s-m\/","title":{"rendered":"SAKO Defendr sapka (fekete) S\/M"},"content":{"rendered":"","protected":false},"excerpt":{"rendered":"<p>J\u00f3l illeszked\u0151 sapka, a f\u00fcl\u00f6n elasztikus r\u00e9szekkel, amelyek megakad\u00e1lyozz\u00e1k a zaj behatol\u00e1s\u00e1t, \u00e9s biztos\u00edtj\u00e1k a f\u00fclv\u00e9d\u0151 megfelel\u0151 m\u0171k\u00f6d\u00e9s\u00e9t. A t\u00e9p\u0151z\u00e1ras\u00ae \u00f6ntapad\u00f3s fel\u00fclet lehet\u0151v\u00e9 teszi a jelv\u00e9nyek r\u00f6gz\u00edt\u00e9s\u00e9t t\u00e9p\u0151z\u00e1rral. Az S\/M m\u00e9ret megfelel az 58 cm-es m\u00e9retnek.<\/p>","protected":false},"featured_media":9219,"template":"","meta":{"_gspb_post_css":""},"product_brand":[],"product_cat":[1939,1821,1928,1822,1820],"product_tag":[],"class_list":{"0":"post-14400","1":"product","2":"type-product","3":"status-publish","4":"has-post-thumbnail","6":"product_cat-doplnky-prislusenstvo-sako","7":"product_cat-gulovnice-zbrane-b-c","8":"product_cat-prislusenstvo-sako","9":"product_cat-sako","10":"product_cat-zbrane-b-c","12":"first","13":"instock","14":"taxable","15":"shipping-taxable","16":"purchasable","17":"product-type-simple"},"ct_brands":[],"_links":{"self":[{"href":"https:\/\/zbranebudai.sk\/hu\/wp-json\/wp\/v2\/product\/14400","targetHints":{"allow":["GET"]}}],"collection":[{"href":"https:\/\/zbranebudai.sk\/hu\/wp-json\/wp\/v2\/product"}],"about":[{"href":"https:\/\/zbranebudai.sk\/hu\/wp-json\/wp\/v2\/types\/product"}],"wp:featuredmedia":[{"embeddable":true,"href":"https:\/\/zbranebudai.sk\/hu\/wp-json\/wp\/v2\/media\/9219"}],"wp:attachment":[{"href":"https:\/\/zbranebudai.sk\/hu\/wp-json\/wp\/v2\/media?parent=14400"}],"wp:term":[{"taxonomy":"product_brand","embeddable":true,"href":"https:\/\/zbranebudai.sk\/hu\/wp-json\/wp\/v2\/product_brand?post=14400"},{"taxonomy":"product_cat","embeddable":true,"href":"https:\/\/zbranebudai.sk\/hu\/wp-json\/wp\/v2\/product_cat?post=14400"},{"taxonomy":"product_tag","embeddable":true,"href":"https:\/\/zbranebudai.sk\/hu\/wp-json\/wp\/v2\/product_tag?post=14400"}],"curies":[{"name":"wp","href":"https:\/\/api.w.org\/{rel}","templated":true}]}}