{"id":14398,"date":"2025-02-17T17:56:52","date_gmt":"2025-02-17T15:56:52","guid":{"rendered":"https:\/\/zbranebudai.sk\/product\/cistiaca-podlozka-sako\/"},"modified":"2025-07-12T16:30:34","modified_gmt":"2025-07-12T14:30:34","slug":"kopenytisztito-parna","status":"publish","type":"product","link":"https:\/\/zbranebudai.sk\/hu\/product\/cistiaca-podlozka-sako\/","title":{"rendered":"SAKO tiszt\u00edt\u00f3bet\u00e9t"},"content":{"rendered":"","protected":false},"excerpt":{"rendered":"<p>Hossza 129 cm, sz\u00e9less\u00e9ge 36 cm. Cipz\u00e1ras zseb 30 x 22 cm (tiszt\u00edt\u00f3sz\u0151nyeg kab\u00e1t).<\/p>","protected":false},"featured_media":9215,"template":"","meta":{"_gspb_post_css":""},"product_brand":[],"product_cat":[1939,1821,1928,1822,1820],"product_tag":[],"class_list":{"0":"post-14398","1":"product","2":"type-product","3":"status-publish","4":"has-post-thumbnail","6":"product_cat-doplnky-prislusenstvo-sako","7":"product_cat-gulovnice-zbrane-b-c","8":"product_cat-prislusenstvo-sako","9":"product_cat-sako","10":"product_cat-zbrane-b-c","12":"first","13":"outofstock","14":"taxable","15":"shipping-taxable","16":"purchasable","17":"product-type-simple"},"ct_brands":[],"_links":{"self":[{"href":"https:\/\/zbranebudai.sk\/hu\/wp-json\/wp\/v2\/product\/14398","targetHints":{"allow":["GET"]}}],"collection":[{"href":"https:\/\/zbranebudai.sk\/hu\/wp-json\/wp\/v2\/product"}],"about":[{"href":"https:\/\/zbranebudai.sk\/hu\/wp-json\/wp\/v2\/types\/product"}],"wp:featuredmedia":[{"embeddable":true,"href":"https:\/\/zbranebudai.sk\/hu\/wp-json\/wp\/v2\/media\/9215"}],"wp:attachment":[{"href":"https:\/\/zbranebudai.sk\/hu\/wp-json\/wp\/v2\/media?parent=14398"}],"wp:term":[{"taxonomy":"product_brand","embeddable":true,"href":"https:\/\/zbranebudai.sk\/hu\/wp-json\/wp\/v2\/product_brand?post=14398"},{"taxonomy":"product_cat","embeddable":true,"href":"https:\/\/zbranebudai.sk\/hu\/wp-json\/wp\/v2\/product_cat?post=14398"},{"taxonomy":"product_tag","embeddable":true,"href":"https:\/\/zbranebudai.sk\/hu\/wp-json\/wp\/v2\/product_tag?post=14398"}],"curies":[{"name":"wp","href":"https:\/\/api.w.org\/{rel}","templated":true}]}}