{"id":14397,"date":"2025-02-17T17:56:52","date_gmt":"2025-02-17T15:56:52","guid":{"rendered":"https:\/\/zbranebudai.sk\/product\/dazdnik-tikka-oranzovo-cierny\/"},"modified":"2026-04-09T01:47:53","modified_gmt":"2026-04-08T23:47:53","slug":"dazdnik-tikka-narancs-es-fekete","status":"publish","type":"product","link":"https:\/\/zbranebudai.sk\/hu\/product\/dazdnik-tikka-oranzovo-cierny\/","title":{"rendered":"TIKKA eserny\u0151 narancs-fekete"},"content":{"rendered":"<p>PARAM\u00c9TEREK:<\/p>\n<p>Anyag: sz\u00f6vet 100% nejlon, \u00fcvegsz\u00e1las szerkezet<br \/>\nFoganty\u00fa: fekete puha\u00a0<br \/>\nSz\u00edn: fekete \/ narancss\u00e1rga<br \/>\nM\u00e9ret: 115 x 86 cm<\/p>","protected":false},"excerpt":{"rendered":"<p>Kiv\u00e1l\u00f3 min\u0151s\u00e9g\u0171 eserny\u0151 tart\u00f3s \u00e9s k\u00f6nny\u0171 \u00fcvegsz\u00e1las konstrukci\u00f3val. Fokozott sz\u00e9l\u00e1ll\u00f3s\u00e1g. K\u00f6nny\u0171 \u00e9s gyors automatikus nyit\u00e1s. \u00c1tm\u00e9r\u0151 115 cm.<\/p>","protected":false},"featured_media":9213,"template":"","meta":{"_gspb_post_css":""},"product_brand":[],"product_cat":[1879,1821,1855,1854,1820],"product_tag":[],"class_list":{"0":"post-14397","1":"product","2":"type-product","3":"status-publish","4":"has-post-thumbnail","6":"product_cat-doplnky","7":"product_cat-gulovnice-zbrane-b-c","8":"product_cat-prislusenstvo-tikka","9":"product_cat-tikka","10":"product_cat-zbrane-b-c","12":"first","13":"outofstock","14":"taxable","15":"shipping-taxable","16":"purchasable","17":"product-type-simple"},"ct_brands":[],"_links":{"self":[{"href":"https:\/\/zbranebudai.sk\/hu\/wp-json\/wp\/v2\/product\/14397","targetHints":{"allow":["GET"]}}],"collection":[{"href":"https:\/\/zbranebudai.sk\/hu\/wp-json\/wp\/v2\/product"}],"about":[{"href":"https:\/\/zbranebudai.sk\/hu\/wp-json\/wp\/v2\/types\/product"}],"wp:featuredmedia":[{"embeddable":true,"href":"https:\/\/zbranebudai.sk\/hu\/wp-json\/wp\/v2\/media\/9213"}],"wp:attachment":[{"href":"https:\/\/zbranebudai.sk\/hu\/wp-json\/wp\/v2\/media?parent=14397"}],"wp:term":[{"taxonomy":"product_brand","embeddable":true,"href":"https:\/\/zbranebudai.sk\/hu\/wp-json\/wp\/v2\/product_brand?post=14397"},{"taxonomy":"product_cat","embeddable":true,"href":"https:\/\/zbranebudai.sk\/hu\/wp-json\/wp\/v2\/product_cat?post=14397"},{"taxonomy":"product_tag","embeddable":true,"href":"https:\/\/zbranebudai.sk\/hu\/wp-json\/wp\/v2\/product_tag?post=14397"}],"curies":[{"name":"wp","href":"https:\/\/api.w.org\/{rel}","templated":true}]}}