{"id":14393,"date":"2025-02-17T17:56:52","date_gmt":"2025-02-17T15:56:52","guid":{"rendered":"https:\/\/zbranebudai.sk\/product\/puzdro-rhino-3-brown-leather\/"},"modified":"2026-04-16T04:32:53","modified_gmt":"2026-04-16T02:32:53","slug":"tok-rhino-3-barna-bor","status":"publish","type":"product","link":"https:\/\/zbranebudai.sk\/hu\/product\/puzdro-rhino-3-brown-leather\/","title":{"rendered":"Rhino 3\" barna b\u0151r tok"},"content":{"rendered":"","protected":false},"excerpt":{"rendered":"<p>A Chiappa Rhino 30DS revolverekhez tervezt\u00e9k. Jobbkezeseknek. A lyukak elrendez\u00e9se lehet\u0151v\u00e9 teszi a d\u0151l\u00e9ssz\u00f6g megv\u00e1laszt\u00e1s\u00e1t. Legfeljebb 45 mm-es sz\u00edjakhoz.<\/p>","protected":false},"featured_media":9205,"template":"","meta":{"_gspb_post_css":""},"product_brand":[],"product_cat":[1984,1998,1858,1820],"product_tag":[],"class_list":{"0":"post-14393","1":"product","2":"type-product","3":"status-publish","4":"has-post-thumbnail","6":"product_cat-chiappa-firearms","7":"product_cat-prislusenstvo-chiappa-firearms-chiappa-firearms","8":"product_cat-revolvery-zbrane-b-c","9":"product_cat-zbrane-b-c","11":"first","12":"instock","13":"taxable","14":"shipping-taxable","15":"purchasable","16":"product-type-simple"},"ct_brands":[],"_links":{"self":[{"href":"https:\/\/zbranebudai.sk\/hu\/wp-json\/wp\/v2\/product\/14393","targetHints":{"allow":["GET"]}}],"collection":[{"href":"https:\/\/zbranebudai.sk\/hu\/wp-json\/wp\/v2\/product"}],"about":[{"href":"https:\/\/zbranebudai.sk\/hu\/wp-json\/wp\/v2\/types\/product"}],"wp:featuredmedia":[{"embeddable":true,"href":"https:\/\/zbranebudai.sk\/hu\/wp-json\/wp\/v2\/media\/9205"}],"wp:attachment":[{"href":"https:\/\/zbranebudai.sk\/hu\/wp-json\/wp\/v2\/media?parent=14393"}],"wp:term":[{"taxonomy":"product_brand","embeddable":true,"href":"https:\/\/zbranebudai.sk\/hu\/wp-json\/wp\/v2\/product_brand?post=14393"},{"taxonomy":"product_cat","embeddable":true,"href":"https:\/\/zbranebudai.sk\/hu\/wp-json\/wp\/v2\/product_cat?post=14393"},{"taxonomy":"product_tag","embeddable":true,"href":"https:\/\/zbranebudai.sk\/hu\/wp-json\/wp\/v2\/product_tag?post=14393"}],"curies":[{"name":"wp","href":"https:\/\/api.w.org\/{rel}","templated":true}]}}