{"id":14389,"date":"2025-02-17T17:56:51","date_gmt":"2025-02-17T15:56:51","guid":{"rendered":"https:\/\/zbranebudai.sk\/product\/bolt-knob-tikka-gumovy\/"},"modified":"2026-04-09T01:45:55","modified_gmt":"2026-04-08T23:45:55","slug":"csavargomb-ketyego-gumi","status":"publish","type":"product","link":"https:\/\/zbranebudai.sk\/hu\/product\/bolt-knob-tikka-gumovy\/","title":{"rendered":"Csavargomb TIKKA, gumi"},"content":{"rendered":"","protected":false},"excerpt":{"rendered":"<p>A csavar karj\u00e1nak goly\u00f3s v\u00e9ge gumib\u00f3l k\u00e9sz\u00fclt. K\u00fcl\u00f6n\u00f6sen alkalmas hideg \u00e9s nedves id\u0151j\u00e1r\u00e1s eset\u00e9n. Ny\u00falik a csavar foganty\u00faj\u00e1nak v\u00e9g\u00e9re.<\/p>","protected":false},"featured_media":9165,"template":"","meta":{"_gspb_post_css":""},"product_brand":[],"product_cat":[1879,1821,1855,1854,1820],"product_tag":[],"class_list":{"0":"post-14389","1":"product","2":"type-product","3":"status-publish","4":"has-post-thumbnail","6":"product_cat-doplnky","7":"product_cat-gulovnice-zbrane-b-c","8":"product_cat-prislusenstvo-tikka","9":"product_cat-tikka","10":"product_cat-zbrane-b-c","12":"first","13":"instock","14":"taxable","15":"shipping-taxable","16":"purchasable","17":"product-type-simple"},"ct_brands":[],"_links":{"self":[{"href":"https:\/\/zbranebudai.sk\/hu\/wp-json\/wp\/v2\/product\/14389","targetHints":{"allow":["GET"]}}],"collection":[{"href":"https:\/\/zbranebudai.sk\/hu\/wp-json\/wp\/v2\/product"}],"about":[{"href":"https:\/\/zbranebudai.sk\/hu\/wp-json\/wp\/v2\/types\/product"}],"wp:featuredmedia":[{"embeddable":true,"href":"https:\/\/zbranebudai.sk\/hu\/wp-json\/wp\/v2\/media\/9165"}],"wp:attachment":[{"href":"https:\/\/zbranebudai.sk\/hu\/wp-json\/wp\/v2\/media?parent=14389"}],"wp:term":[{"taxonomy":"product_brand","embeddable":true,"href":"https:\/\/zbranebudai.sk\/hu\/wp-json\/wp\/v2\/product_brand?post=14389"},{"taxonomy":"product_cat","embeddable":true,"href":"https:\/\/zbranebudai.sk\/hu\/wp-json\/wp\/v2\/product_cat?post=14389"},{"taxonomy":"product_tag","embeddable":true,"href":"https:\/\/zbranebudai.sk\/hu\/wp-json\/wp\/v2\/product_tag?post=14389"}],"curies":[{"name":"wp","href":"https:\/\/api.w.org\/{rel}","templated":true}]}}