{"id":14386,"date":"2025-02-17T17:56:51","date_gmt":"2025-02-17T15:56:51","guid":{"rendered":"https:\/\/zbranebudai.sk\/product\/popruh-na-gulovnicu-tikka-oranzovo-cierny\/"},"modified":"2026-04-16T04:39:45","modified_gmt":"2026-04-16T02:39:45","slug":"labdaszij-tikka-narancssarga-es-fekete","status":"publish","type":"product","link":"https:\/\/zbranebudai.sk\/hu\/product\/popruh-na-gulovnicu-tikka-oranzovo-cierny\/","title":{"rendered":"Puskasz\u00edj TIKKA narancss\u00e1rga-fekete"},"content":{"rendered":"","protected":false},"excerpt":{"rendered":"<p>V\u00e1llp\u00e1nt a pusk\u00e1hoz. \u00c1ll\u00edthat\u00f3 hossz\u00fas\u00e1g 83 - 92 cm. Bels\u0151 oldala gum\u00edrozott.<\/p>","protected":false},"featured_media":9159,"template":"","meta":{"_gspb_post_css":""},"product_brand":[],"product_cat":[1879,1821,1855,1854,1820],"product_tag":[],"class_list":{"0":"post-14386","1":"product","2":"type-product","3":"status-publish","4":"has-post-thumbnail","6":"product_cat-doplnky","7":"product_cat-gulovnice-zbrane-b-c","8":"product_cat-prislusenstvo-tikka","9":"product_cat-tikka","10":"product_cat-zbrane-b-c","12":"first","13":"outofstock","14":"taxable","15":"shipping-taxable","16":"purchasable","17":"product-type-simple"},"ct_brands":[],"_links":{"self":[{"href":"https:\/\/zbranebudai.sk\/hu\/wp-json\/wp\/v2\/product\/14386","targetHints":{"allow":["GET"]}}],"collection":[{"href":"https:\/\/zbranebudai.sk\/hu\/wp-json\/wp\/v2\/product"}],"about":[{"href":"https:\/\/zbranebudai.sk\/hu\/wp-json\/wp\/v2\/types\/product"}],"wp:featuredmedia":[{"embeddable":true,"href":"https:\/\/zbranebudai.sk\/hu\/wp-json\/wp\/v2\/media\/9159"}],"wp:attachment":[{"href":"https:\/\/zbranebudai.sk\/hu\/wp-json\/wp\/v2\/media?parent=14386"}],"wp:term":[{"taxonomy":"product_brand","embeddable":true,"href":"https:\/\/zbranebudai.sk\/hu\/wp-json\/wp\/v2\/product_brand?post=14386"},{"taxonomy":"product_cat","embeddable":true,"href":"https:\/\/zbranebudai.sk\/hu\/wp-json\/wp\/v2\/product_cat?post=14386"},{"taxonomy":"product_tag","embeddable":true,"href":"https:\/\/zbranebudai.sk\/hu\/wp-json\/wp\/v2\/product_tag?post=14386"}],"curies":[{"name":"wp","href":"https:\/\/api.w.org\/{rel}","templated":true}]}}