{"id":14385,"date":"2025-02-17T17:56:51","date_gmt":"2025-02-17T15:56:51","guid":{"rendered":"https:\/\/zbranebudai.sk\/product\/popruh-na-gulovnicu-tikka-3hgr-overberget\/"},"modified":"2026-04-16T04:39:45","modified_gmt":"2026-04-16T02:39:45","slug":"golyos-heveder-tikka-3hgr-overberget","status":"publish","type":"product","link":"https:\/\/zbranebudai.sk\/hu\/product\/popruh-na-gulovnicu-tikka-3hgr-overberget\/","title":{"rendered":"TIKKA 3HGR Overberget puskasz\u00edj"},"content":{"rendered":"","protected":false},"excerpt":{"rendered":"<p>A 3HGR Overberget a 3HGR csal\u00e1d leg\u00fajabb tagja. \u00dagy m\u0171k\u00f6dik, mint az alap fegyverheveder, de n\u00e9h\u00e1ny extra funkci\u00f3val b\u0151v\u00fclt. A k\u00e9tr\u00e9szes kialak\u00edt\u00e1snak k\u00f6sz\u00f6nhet\u0151en sz\u00fcks\u00e9g eset\u00e9n gyorsan megh\u00fazhatja a hevedert. A hevedert arra is haszn\u00e1lhatja, hogy megt\u00e1massza a karj\u00e1t, mik\u00f6zben a vad\u00e1szter\u00fcleten s\u00e9t\u00e1l. Torkolattal lefel\u00e9 viselve ugyanazt a hevedert haszn\u00e1lhatja ching sling t\u00edpus\u00fa c\u00e9lz\u00f3k\u00e9nt a l\u00f6v\u00e9s stabiliz\u00e1l\u00e1s\u00e1ra. Az Overberget mindig forg\u00f3sz\u00edjjal l\u00e1tj\u00e1k el. M\u0171k\u00f6d\u00e9si h\u0151m\u00e9rs\u00e9klet: -40 \u00e9s +60 Celsius fok k\u00f6z\u00f6tt. Finnorsz\u00e1gban k\u00e9sz\u00fclt.<\/p>","protected":false},"featured_media":9157,"template":"","meta":{"_gspb_post_css":""},"product_brand":[],"product_cat":[1879,1821,1855,1854,1820],"product_tag":[],"class_list":{"0":"post-14385","1":"product","2":"type-product","3":"status-publish","4":"has-post-thumbnail","6":"product_cat-doplnky","7":"product_cat-gulovnice-zbrane-b-c","8":"product_cat-prislusenstvo-tikka","9":"product_cat-tikka","10":"product_cat-zbrane-b-c","12":"first","13":"outofstock","14":"taxable","15":"shipping-taxable","16":"purchasable","17":"product-type-simple"},"ct_brands":[],"_links":{"self":[{"href":"https:\/\/zbranebudai.sk\/hu\/wp-json\/wp\/v2\/product\/14385","targetHints":{"allow":["GET"]}}],"collection":[{"href":"https:\/\/zbranebudai.sk\/hu\/wp-json\/wp\/v2\/product"}],"about":[{"href":"https:\/\/zbranebudai.sk\/hu\/wp-json\/wp\/v2\/types\/product"}],"wp:featuredmedia":[{"embeddable":true,"href":"https:\/\/zbranebudai.sk\/hu\/wp-json\/wp\/v2\/media\/9157"}],"wp:attachment":[{"href":"https:\/\/zbranebudai.sk\/hu\/wp-json\/wp\/v2\/media?parent=14385"}],"wp:term":[{"taxonomy":"product_brand","embeddable":true,"href":"https:\/\/zbranebudai.sk\/hu\/wp-json\/wp\/v2\/product_brand?post=14385"},{"taxonomy":"product_cat","embeddable":true,"href":"https:\/\/zbranebudai.sk\/hu\/wp-json\/wp\/v2\/product_cat?post=14385"},{"taxonomy":"product_tag","embeddable":true,"href":"https:\/\/zbranebudai.sk\/hu\/wp-json\/wp\/v2\/product_tag?post=14385"}],"curies":[{"name":"wp","href":"https:\/\/api.w.org\/{rel}","templated":true}]}}